{"id":11184,"date":"2023-09-16T13:07:06","date_gmt":"2023-09-16T13:07:06","guid":{"rendered":"https:\/\/pureon.com\/insights\/"},"modified":"2024-12-17T10:36:40","modified_gmt":"2024-12-17T10:36:40","slug":"insights","status":"publish","type":"page","link":"https:\/\/pureon.com\/de\/insights\/","title":{"rendered":"Insights"},"content":{"rendered":"\t\t<div data-elementor-type=\"wp-page\" data-elementor-id=\"11184\" class=\"elementor elementor-11184 elementor-9917\" data-elementor-post-type=\"page\">\n\t\t\t\t\t\t<section class=\"elementor-section elementor-top-section elementor-element elementor-element-f2948b9 elementor-section-full_width elementor-section-height-min-height home-banner-move elementor-section-height-default elementor-section-items-middle\" data-id=\"f2948b9\" data-element_type=\"section\" data-e-type=\"section\" data-settings=\"{&quot;background_background&quot;:&quot;classic&quot;}\">\n\t\t\t\t\t\t<div class=\"elementor-container elementor-column-gap-default\">\n\t\t\t\t\t<div class=\"elementor-column elementor-col-100 elementor-top-column elementor-element elementor-element-9183855\" data-id=\"9183855\" data-element_type=\"column\" data-e-type=\"column\">\n\t\t\t<div class=\"elementor-widget-wrap elementor-element-populated\">\n\t\t\t\t\t\t<section class=\"elementor-section elementor-inner-section elementor-element elementor-element-da14917 elementor-section-boxed elementor-section-height-default elementor-section-height-default\" data-id=\"da14917\" data-element_type=\"section\" data-e-type=\"section\">\n\t\t\t\t\t\t<div class=\"elementor-container elementor-column-gap-default\">\n\t\t\t\t\t<div class=\"elementor-column elementor-col-50 elementor-inner-column elementor-element elementor-element-1ffdaca\" data-id=\"1ffdaca\" data-element_type=\"column\" data-e-type=\"column\">\n\t\t\t<div class=\"elementor-widget-wrap elementor-element-populated\">\n\t\t\t\t\t\t<div class=\"elementor-element elementor-element-4d77869 elementor-widget elementor-widget-heading\" data-id=\"4d77869\" data-element_type=\"widget\" data-e-type=\"widget\" data-widget_type=\"heading.default\">\n\t\t\t\t<div class=\"elementor-widget-container\">\n\t\t\t\t\t<h2 class=\"elementor-heading-title elementor-size-default\">Insights<\/h2>\t\t\t\t<\/div>\n\t\t\t\t<\/div>\n\t\t\t\t<div class=\"elementor-element elementor-element-d1cf2b0 elementor-widget__width-initial elementor-widget-divider--view-line elementor-widget elementor-widget-divider\" data-id=\"d1cf2b0\" data-element_type=\"widget\" data-e-type=\"widget\" data-widget_type=\"divider.default\">\n\t\t\t\t<div class=\"elementor-widget-container\">\n\t\t\t\t\t\t\t<div class=\"elementor-divider\">\n\t\t\t<span class=\"elementor-divider-separator\">\n\t\t\t\t\t\t<\/span>\n\t\t<\/div>\n\t\t\t\t\t\t<\/div>\n\t\t\t\t<\/div>\n\t\t\t\t<div class=\"elementor-element elementor-element-2194d57 elementor-widget__width-initial e-transform elementor-widget elementor-widget-heading\" data-id=\"2194d57\" data-element_type=\"widget\" data-e-type=\"widget\" data-settings=\"{&quot;_transform_translateX_effect&quot;:{&quot;unit&quot;:&quot;px&quot;,&quot;size&quot;:-65,&quot;sizes&quot;:[]},&quot;_transform_translateX_effect_widescreen&quot;:{&quot;unit&quot;:&quot;px&quot;,&quot;size&quot;:-105,&quot;sizes&quot;:[]},&quot;_transform_translateY_effect&quot;:{&quot;unit&quot;:&quot;px&quot;,&quot;size&quot;:0,&quot;sizes&quot;:[]},&quot;_transform_translateX_effect_tablet&quot;:{&quot;unit&quot;:&quot;px&quot;,&quot;size&quot;:-48,&quot;sizes&quot;:[]},&quot;_transform_translateX_effect_mobile&quot;:{&quot;unit&quot;:&quot;px&quot;,&quot;size&quot;:-21,&quot;sizes&quot;:[]},&quot;_transform_translateX_effect_laptop&quot;:{&quot;unit&quot;:&quot;px&quot;,&quot;size&quot;:&quot;&quot;,&quot;sizes&quot;:[]},&quot;_transform_translateY_effect_widescreen&quot;:{&quot;unit&quot;:&quot;px&quot;,&quot;size&quot;:&quot;&quot;,&quot;sizes&quot;:[]},&quot;_transform_translateY_effect_laptop&quot;:{&quot;unit&quot;:&quot;px&quot;,&quot;size&quot;:&quot;&quot;,&quot;sizes&quot;:[]},&quot;_transform_translateY_effect_tablet&quot;:{&quot;unit&quot;:&quot;px&quot;,&quot;size&quot;:&quot;&quot;,&quot;sizes&quot;:[]},&quot;_transform_translateY_effect_mobile&quot;:{&quot;unit&quot;:&quot;px&quot;,&quot;size&quot;:&quot;&quot;,&quot;sizes&quot;:[]}}\" data-widget_type=\"heading.default\">\n\t\t\t\t<div class=\"elementor-widget-container\">\n\t\t\t\t\t<h2 class=\"elementor-heading-title elementor-size-default\">Tauchen Sie in unsere Welt ab<\/h2>\t\t\t\t<\/div>\n\t\t\t\t<\/div>\n\t\t\t\t\t<\/div>\n\t\t<\/div>\n\t\t\t\t<div class=\"elementor-column elementor-col-50 elementor-inner-column elementor-element elementor-element-5dd7eb5\" data-id=\"5dd7eb5\" data-element_type=\"column\" data-e-type=\"column\">\n\t\t\t<div class=\"elementor-widget-wrap\">\n\t\t\t\t\t\t\t<\/div>\n\t\t<\/div>\n\t\t\t\t\t<\/div>\n\t\t<\/section>\n\t\t\t\t\t<\/div>\n\t\t<\/div>\n\t\t\t\t\t<\/div>\n\t\t<\/section>\n\t\t\t\t<section class=\"elementor-section elementor-top-section elementor-element elementor-element-85ad9db elementor-section-full_width elementor-section-height-default elementor-section-height-default\" data-id=\"85ad9db\" data-element_type=\"section\" data-e-type=\"section\">\n\t\t\t\t\t\t<div class=\"elementor-container elementor-column-gap-default\">\n\t\t\t\t\t<div class=\"elementor-column elementor-col-100 elementor-top-column elementor-element elementor-element-dccb9ce\" data-id=\"dccb9ce\" data-element_type=\"column\" data-e-type=\"column\">\n\t\t\t<div class=\"elementor-widget-wrap elementor-element-populated\">\n\t\t\t\t\t\t<section class=\"elementor-section elementor-inner-section elementor-element elementor-element-130f629 elementor-section-boxed elementor-section-height-default elementor-section-height-default\" data-id=\"130f629\" data-element_type=\"section\" data-e-type=\"section\">\n\t\t\t\t\t\t<div class=\"elementor-container elementor-column-gap-default\">\n\t\t\t\t\t<div class=\"elementor-column elementor-col-100 elementor-inner-column elementor-element elementor-element-eeb8004\" data-id=\"eeb8004\" data-element_type=\"column\" data-e-type=\"column\">\n\t\t\t<div class=\"elementor-widget-wrap elementor-element-populated\">\n\t\t\t\t\t\t<div class=\"elementor-element elementor-element-68dac72 elementor-widget elementor-widget-text-editor\" data-id=\"68dac72\" data-element_type=\"widget\" data-e-type=\"widget\" data-widget_type=\"text-editor.default\">\n\t\t\t\t<div class=\"elementor-widget-container\">\n\t\t\t\t\t\t\t\t\t<p><span style=\"font-weight: 400;\">Willkommen bei den neuesten Updates von Pureon! Hier finden Sie aktuellen Informationen \u00fcber spannenden Entwicklungen, innovative Projekte und Initiativen. Von den neusten Technologie bis hin zu inspirierenden Erfolgsgeschichten &#8211; wir haben viel zu erz\u00e4hlen. Begleiten Sie uns auf eine Reise durch die dynamische Welt unseres Unternehmens und entdecken Sie, warum wir in unserer Branche eine Spitzenposition einnehmen. Lehnen Sie sich also zur\u00fcck, entspannen Sie sich und lassen Sie sich von uns \u00fcber die neuesten Nachrichten und Geschichten informieren, die unser Unternehmen wirklich au\u00dfergew\u00f6hnlich machen.<\/span><\/p>\t\t\t\t\t\t\t\t<\/div>\n\t\t\t\t<\/div>\n\t\t\t\t\t<\/div>\n\t\t<\/div>\n\t\t\t\t\t<\/div>\n\t\t<\/section>\n\t\t\t\t\t<\/div>\n\t\t<\/div>\n\t\t\t\t\t<\/div>\n\t\t<\/section>\n\t\t\t\t<section class=\"elementor-section elementor-top-section elementor-element elementor-element-de0dfa6 elementor-section-boxed elementor-section-height-default elementor-section-height-default\" data-id=\"de0dfa6\" data-element_type=\"section\" data-e-type=\"section\" data-settings=\"{&quot;background_background&quot;:&quot;classic&quot;}\">\n\t\t\t\t\t\t<div class=\"elementor-container elementor-column-gap-default\">\n\t\t\t\t\t<div class=\"elementor-column elementor-col-100 elementor-top-column elementor-element elementor-element-92cc32f\" data-id=\"92cc32f\" data-element_type=\"column\" data-e-type=\"column\">\n\t\t\t<div class=\"elementor-widget-wrap elementor-element-populated\">\n\t\t\t\t\t\t<div class=\"elementor-element elementor-element-61dfe78 elementor-widget elementor-widget-shortcode\" data-id=\"61dfe78\" data-element_type=\"widget\" data-e-type=\"widget\" data-widget_type=\"shortcode.default\">\n\t\t\t\t<div class=\"elementor-widget-container\">\n\t\t\t\t\t\t\t<div class=\"elementor-shortcode\">\n\t<section class=\"elementor-section elementor-inner-section elementor-element elementor-section-full_width elementor-section-height-default elementor-section-height-default home-posts\"  data-element_type=\"section\"><div class=\"elementor-container elementor-column-gap-default\">\n\t\t\t<div class=\"single-posts-home\">\n\t\t\t\t<div class=\"header\">\n\t\t\t\t\t<h2 class=\"elementor-heading-title elementor-size-default\" style=\"text-transform:uppercase\">Apr. 2026<\/h2>\t\t\n\t\t\t\t<\/div>\n\t\t\t\t<div class=\"featured-image\">\n\t\t\t\t\t<img decoding=\"async\" src=\"https:\/\/pureon.com\/wp-content\/uploads\/2026\/04\/Website_Teaser_DT-1.jpg\" \/>\n\t\t\t\t<\/div>\n\t\t\t\t<div class=\"header-text\">\t\n\t\t\t\t\t<h3 class=\"elementor-image-box-title\">IRINO PROSIC von Pureon definiert TTV in der Bearbeitung von 200-mm-SiC-Wafern neu<\/h3>\n\t\t\t\t<\/div>\n\t\t\t\t<div class=\"excerpt\">\n\t\t\t\t\t<p class=\"elementor-image-box-description\">IRINO PROSIC von Pureon definiert TTV in der Bearbeitung von 200-mm-SiC-Wafern neu Technologische Durchbr\u00fcche entstehen selten \u00fcber Nacht. Gerade in [&hellip;]<\/p>\n\t\t\t\t<\/div>\n\t\t\t\t<div class=\"button\">\n\t\t\t\t\t<a class=\"elementor-button elementor-button-link elementor-size-sm\" href=\"https:\/\/pureon.com\/de\/irino-prosic-von-pureon-definiert-ttv-in-der-bearbeitung-von-200-mm-sic-wafern-neu\/\">Read more<\/a>\n\t\t\t\t<\/div>\n\t\t\t<\/div>\n\t\t\t<div class=\"single-posts-home\">\n\t\t\t\t<div class=\"header\">\n\t\t\t\t\t<h2 class=\"elementor-heading-title elementor-size-default\" style=\"text-transform:uppercase\">Feb. 2026<\/h2>\t\t\n\t\t\t\t<\/div>\n\t\t\t\t<div class=\"featured-image\">\n\t\t\t\t\t<img decoding=\"async\" src=\"https:\/\/pureon.com\/wp-content\/uploads\/2026\/02\/Website_Insights_DE.jpg\" \/>\n\t\t\t\t<\/div>\n\t\t\t\t<div class=\"header-text\">\t\n\t\t\t\t\t<h3 class=\"elementor-image-box-title\">Die n\u00e4chste Phase der SiC-Forschung: Pureon Innovation an der Penn State<\/h3>\n\t\t\t\t<\/div>\n\t\t\t\t<div class=\"excerpt\">\n\t\t\t\t\t<p class=\"elementor-image-box-description\">Die n\u00e4chste Phase der SiC-Forschung: Pureon Innovation an der Penn State Als Gr\u00fcndungsmitglied der Silicon Carbide Innovation Alliance (SCIA) gestaltet [&hellip;]<\/p>\n\t\t\t\t<\/div>\n\t\t\t\t<div class=\"button\">\n\t\t\t\t\t<a class=\"elementor-button elementor-button-link elementor-size-sm\" href=\"https:\/\/pureon.com\/de\/die-naechste-phase-der-sic-forschung-pureon-innovation-an-der-penn-state\/\">Read more<\/a>\n\t\t\t\t<\/div>\n\t\t\t<\/div>\n\t\t\t<div class=\"single-posts-home\">\n\t\t\t\t<div class=\"header\">\n\t\t\t\t\t<h2 class=\"elementor-heading-title elementor-size-default\" style=\"text-transform:uppercase\">Feb. 2026<\/h2>\t\t\n\t\t\t\t<\/div>\n\t\t\t\t<div class=\"featured-image\">\n\t\t\t\t\t<img decoding=\"async\" src=\"https:\/\/pureon.com\/wp-content\/uploads\/2026\/02\/Optical_Fabrication_Summit_pic2.jpg\" \/>\n\t\t\t\t<\/div>\n\t\t\t\t<div class=\"header-text\">\t\n\t\t\t\t\t<h3 class=\"elementor-image-box-title\">AlumaGem: Webinar-Pr\u00e4sentation auf dem Optical Fabrication Summit<\/h3>\n\t\t\t\t<\/div>\n\t\t\t\t<div class=\"excerpt\">\n\t\t\t\t\t<p class=\"elementor-image-box-description\">AlumaGem: Webinar-Pr\u00e4sentation auf dem Optical Fabrication Summit Webinare haben sich als fester Bestandteil des fachlichen Austauschs in der Photonik etabliert. [&hellip;]<\/p>\n\t\t\t\t<\/div>\n\t\t\t\t<div class=\"button\">\n\t\t\t\t\t<a class=\"elementor-button elementor-button-link elementor-size-sm\" href=\"https:\/\/pureon.com\/de\/webinar-praesentation-auf-dem-optical-fabrication-summit\/\">Read more<\/a>\n\t\t\t\t<\/div>\n\t\t\t<\/div>\n\t\t\t<div class=\"single-posts-home\">\n\t\t\t\t<div class=\"header\">\n\t\t\t\t\t<h2 class=\"elementor-heading-title elementor-size-default\" style=\"text-transform:uppercase\">Nov. 2025<\/h2>\t\t\n\t\t\t\t<\/div>\n\t\t\t\t<div class=\"featured-image\">\n\t\t\t\t\t<img decoding=\"async\" src=\"https:\/\/pureon.com\/wp-content\/uploads\/2025\/11\/thumbnail_article_AlumaGem_2025-11-27_de.jpg\" \/>\n\t\t\t\t<\/div>\n\t\t\t\t<div class=\"header-text\">\t\n\t\t\t\t\t<h3 class=\"elementor-image-box-title\">AlumaGem: Fortschritt in der Politur von Kalciumfluorid<\/h3>\n\t\t\t\t<\/div>\n\t\t\t\t<div class=\"excerpt\">\n\t\t\t\t\t<p class=\"elementor-image-box-description\">AlumaGem: Fortschritt in der Politur von Kalciumfluorid In der modernen Optikfertigung ist Pr\u00e4zision nicht optional \u2013 sie bildet die Grundlage. [&hellip;]<\/p>\n\t\t\t\t<\/div>\n\t\t\t\t<div class=\"button\">\n\t\t\t\t\t<a class=\"elementor-button elementor-button-link elementor-size-sm\" href=\"https:\/\/pureon.com\/de\/alumagem-fortschritt-in-der-politur-von-kalciumfluorid\/\">Read more<\/a>\n\t\t\t\t<\/div>\n\t\t\t<\/div><\/div><\/section><\/div>\n\t\t\t\t\t\t<\/div>\n\t\t\t\t<\/div>\n\t\t\t\t\t<\/div>\n\t\t<\/div>\n\t\t\t\t\t<\/div>\n\t\t<\/section>\n\t\t\t\t<\/div>\n\t\t","protected":false},"excerpt":{"rendered":"<p>Insights Tauchen Sie in unsere Welt ab Willkommen bei den neuesten Updates von Pureon! Hier finden Sie aktuellen Informationen \u00fcber [&hellip;]<\/p>\n","protected":false},"author":1,"featured_media":0,"parent":0,"menu_order":0,"comment_status":"closed","ping_status":"closed","template":"","meta":{"footnotes":""},"application_solution":[],"industry_product":[],"material_product":[],"class_list":["post-11184","page","type-page","status-publish","hentry"],"yoast_head":"<!-- This site is optimized with the Yoast SEO plugin v27.0 - https:\/\/yoast.com\/product\/yoast-seo-wordpress\/ -->\n<title>Insights - Pureon<\/title>\n<meta name=\"robots\" content=\"index, follow, max-snippet:-1, max-image-preview:large, max-video-preview:-1\" \/>\n<link rel=\"canonical\" href=\"https:\/\/pureon.com\/de\/insights\/\" \/>\n<meta property=\"og:locale\" content=\"de_DE\" \/>\n<meta property=\"og:type\" content=\"article\" \/>\n<meta property=\"og:title\" content=\"Insights - Pureon\" \/>\n<meta property=\"og:description\" content=\"Insights Tauchen Sie in unsere Welt ab Willkommen bei den neuesten Updates von Pureon! Hier finden Sie aktuellen Informationen \u00fcber [&hellip;]\" \/>\n<meta property=\"og:url\" content=\"https:\/\/pureon.com\/de\/insights\/\" \/>\n<meta property=\"og:site_name\" content=\"Pureon\" \/>\n<meta property=\"article:modified_time\" content=\"2024-12-17T10:36:40+00:00\" \/>\n<meta name=\"twitter:card\" content=\"summary_large_image\" \/>\n<meta name=\"twitter:label1\" content=\"Gesch\u00e4tzte Lesezeit\" \/>\n\t<meta name=\"twitter:data1\" content=\"9\u00a0Minuten\" \/>\n<script type=\"application\/ld+json\" class=\"yoast-schema-graph\">{\"@context\":\"https:\/\/schema.org\",\"@graph\":[{\"@type\":\"WebPage\",\"@id\":\"https:\/\/pureon.com\/de\/insights\/\",\"url\":\"https:\/\/pureon.com\/de\/insights\/\",\"name\":\"Insights - Pureon\",\"isPartOf\":{\"@id\":\"https:\/\/pureon.com\/#website\"},\"datePublished\":\"2023-09-16T13:07:06+00:00\",\"dateModified\":\"2024-12-17T10:36:40+00:00\",\"breadcrumb\":{\"@id\":\"https:\/\/pureon.com\/de\/insights\/#breadcrumb\"},\"inLanguage\":\"de\",\"potentialAction\":[{\"@type\":\"ReadAction\",\"target\":[\"https:\/\/pureon.com\/de\/insights\/\"]}]},{\"@type\":\"BreadcrumbList\",\"@id\":\"https:\/\/pureon.com\/de\/insights\/#breadcrumb\",\"itemListElement\":[{\"@type\":\"ListItem\",\"position\":1,\"name\":\"Home\",\"item\":\"https:\/\/pureon.com\/de\/\"},{\"@type\":\"ListItem\",\"position\":2,\"name\":\"Insights\"}]},{\"@type\":\"WebSite\",\"@id\":\"https:\/\/pureon.com\/#website\",\"url\":\"https:\/\/pureon.com\/\",\"name\":\"Pureon\",\"description\":\"\",\"publisher\":{\"@id\":\"https:\/\/pureon.com\/#organization\"},\"potentialAction\":[{\"@type\":\"SearchAction\",\"target\":{\"@type\":\"EntryPoint\",\"urlTemplate\":\"https:\/\/pureon.com\/?s={search_term_string}\"},\"query-input\":{\"@type\":\"PropertyValueSpecification\",\"valueRequired\":true,\"valueName\":\"search_term_string\"}}],\"inLanguage\":\"de\"},{\"@type\":\"Organization\",\"@id\":\"https:\/\/pureon.com\/#organization\",\"name\":\"Pureon\",\"url\":\"https:\/\/pureon.com\/\",\"logo\":{\"@type\":\"ImageObject\",\"inLanguage\":\"de\",\"@id\":\"https:\/\/pureon.com\/#\/schema\/logo\/image\/\",\"url\":\"https:\/\/pureon.com\/wp-content\/uploads\/2023\/06\/cropped-Logo.png\",\"contentUrl\":\"https:\/\/pureon.com\/wp-content\/uploads\/2023\/06\/cropped-Logo.png\",\"width\":512,\"height\":512,\"caption\":\"Pureon\"},\"image\":{\"@id\":\"https:\/\/pureon.com\/#\/schema\/logo\/image\/\"}}]}<\/script>\n<!-- \/ Yoast SEO plugin. -->","yoast_head_json":{"title":"Insights - Pureon","robots":{"index":"index","follow":"follow","max-snippet":"max-snippet:-1","max-image-preview":"max-image-preview:large","max-video-preview":"max-video-preview:-1"},"canonical":"https:\/\/pureon.com\/de\/insights\/","og_locale":"de_DE","og_type":"article","og_title":"Insights - Pureon","og_description":"Insights Tauchen Sie in unsere Welt ab Willkommen bei den neuesten Updates von Pureon! Hier finden Sie aktuellen Informationen \u00fcber [&hellip;]","og_url":"https:\/\/pureon.com\/de\/insights\/","og_site_name":"Pureon","article_modified_time":"2024-12-17T10:36:40+00:00","twitter_card":"summary_large_image","twitter_misc":{"Gesch\u00e4tzte Lesezeit":"9\u00a0Minuten"},"schema":{"@context":"https:\/\/schema.org","@graph":[{"@type":"WebPage","@id":"https:\/\/pureon.com\/de\/insights\/","url":"https:\/\/pureon.com\/de\/insights\/","name":"Insights - Pureon","isPartOf":{"@id":"https:\/\/pureon.com\/#website"},"datePublished":"2023-09-16T13:07:06+00:00","dateModified":"2024-12-17T10:36:40+00:00","breadcrumb":{"@id":"https:\/\/pureon.com\/de\/insights\/#breadcrumb"},"inLanguage":"de","potentialAction":[{"@type":"ReadAction","target":["https:\/\/pureon.com\/de\/insights\/"]}]},{"@type":"BreadcrumbList","@id":"https:\/\/pureon.com\/de\/insights\/#breadcrumb","itemListElement":[{"@type":"ListItem","position":1,"name":"Home","item":"https:\/\/pureon.com\/de\/"},{"@type":"ListItem","position":2,"name":"Insights"}]},{"@type":"WebSite","@id":"https:\/\/pureon.com\/#website","url":"https:\/\/pureon.com\/","name":"Pureon","description":"","publisher":{"@id":"https:\/\/pureon.com\/#organization"},"potentialAction":[{"@type":"SearchAction","target":{"@type":"EntryPoint","urlTemplate":"https:\/\/pureon.com\/?s={search_term_string}"},"query-input":{"@type":"PropertyValueSpecification","valueRequired":true,"valueName":"search_term_string"}}],"inLanguage":"de"},{"@type":"Organization","@id":"https:\/\/pureon.com\/#organization","name":"Pureon","url":"https:\/\/pureon.com\/","logo":{"@type":"ImageObject","inLanguage":"de","@id":"https:\/\/pureon.com\/#\/schema\/logo\/image\/","url":"https:\/\/pureon.com\/wp-content\/uploads\/2023\/06\/cropped-Logo.png","contentUrl":"https:\/\/pureon.com\/wp-content\/uploads\/2023\/06\/cropped-Logo.png","width":512,"height":512,"caption":"Pureon"},"image":{"@id":"https:\/\/pureon.com\/#\/schema\/logo\/image\/"}}]}},"acf":[],"_links":{"self":[{"href":"https:\/\/pureon.com\/de\/wp-json\/wp\/v2\/pages\/11184","targetHints":{"allow":["GET"]}}],"collection":[{"href":"https:\/\/pureon.com\/de\/wp-json\/wp\/v2\/pages"}],"about":[{"href":"https:\/\/pureon.com\/de\/wp-json\/wp\/v2\/types\/page"}],"author":[{"embeddable":true,"href":"https:\/\/pureon.com\/de\/wp-json\/wp\/v2\/users\/1"}],"replies":[{"embeddable":true,"href":"https:\/\/pureon.com\/de\/wp-json\/wp\/v2\/comments?post=11184"}],"version-history":[{"count":26,"href":"https:\/\/pureon.com\/de\/wp-json\/wp\/v2\/pages\/11184\/revisions"}],"predecessor-version":[{"id":20510,"href":"https:\/\/pureon.com\/de\/wp-json\/wp\/v2\/pages\/11184\/revisions\/20510"}],"wp:attachment":[{"href":"https:\/\/pureon.com\/de\/wp-json\/wp\/v2\/media?parent=11184"}],"wp:term":[{"taxonomy":"application_solution","embeddable":true,"href":"https:\/\/pureon.com\/de\/wp-json\/wp\/v2\/application_solution?post=11184"},{"taxonomy":"industry_product","embeddable":true,"href":"https:\/\/pureon.com\/de\/wp-json\/wp\/v2\/industry_product?post=11184"},{"taxonomy":"material_product","embeddable":true,"href":"https:\/\/pureon.com\/de\/wp-json\/wp\/v2\/material_product?post=11184"}],"curies":[{"name":"wp","href":"https:\/\/api.w.org\/{rel}","templated":true}]}}