{"id":11189,"date":"2023-09-02T03:03:06","date_gmt":"2023-09-02T03:03:06","guid":{"rendered":"https:\/\/pureon.com\/legal-notice\/"},"modified":"2024-05-14T09:20:43","modified_gmt":"2024-05-14T09:20:43","slug":"impressum","status":"publish","type":"page","link":"https:\/\/pureon.com\/de\/impressum\/","title":{"rendered":"Impressum"},"content":{"rendered":"\t\t<div data-elementor-type=\"wp-page\" data-elementor-id=\"11189\" class=\"elementor elementor-11189 elementor-8138\" data-elementor-post-type=\"page\">\n\t\t\t\t\t\t<section class=\"elementor-section elementor-top-section elementor-element elementor-element-fdcbdda elementor-section-boxed elementor-section-height-default elementor-section-height-default\" data-id=\"fdcbdda\" data-element_type=\"section\" data-e-type=\"section\">\n\t\t\t\t\t\t<div class=\"elementor-container elementor-column-gap-default\">\n\t\t\t\t\t<div class=\"elementor-column elementor-col-100 elementor-top-column elementor-element elementor-element-f4ef635\" data-id=\"f4ef635\" data-element_type=\"column\" data-e-type=\"column\">\n\t\t\t<div class=\"elementor-widget-wrap elementor-element-populated\">\n\t\t\t\t\t\t<div class=\"elementor-element elementor-element-11e13c2 elementor-widget elementor-widget-heading\" data-id=\"11e13c2\" data-element_type=\"widget\" data-e-type=\"widget\" data-widget_type=\"heading.default\">\n\t\t\t\t<div class=\"elementor-widget-container\">\n\t\t\t\t\t<h2 class=\"elementor-heading-title elementor-size-default\">Impressum<\/h2>\t\t\t\t<\/div>\n\t\t\t\t<\/div>\n\t\t\t\t\t<\/div>\n\t\t<\/div>\n\t\t\t\t\t<\/div>\n\t\t<\/section>\n\t\t\t\t<section class=\"elementor-section elementor-top-section elementor-element elementor-element-308eb00 elementor-section-boxed elementor-section-height-default elementor-section-height-default\" data-id=\"308eb00\" data-element_type=\"section\" data-e-type=\"section\">\n\t\t\t\t\t\t<div class=\"elementor-container elementor-column-gap-default\">\n\t\t\t\t\t<div class=\"elementor-column elementor-col-50 elementor-top-column elementor-element elementor-element-0894972\" data-id=\"0894972\" data-element_type=\"column\" data-e-type=\"column\">\n\t\t\t<div class=\"elementor-widget-wrap elementor-element-populated\">\n\t\t\t\t\t\t<div class=\"elementor-element elementor-element-3b9be6c elementor-widget__width-initial elementor-widget-laptop__width-initial elementor-widget-divider--view-line elementor-widget elementor-widget-divider\" data-id=\"3b9be6c\" data-element_type=\"widget\" data-e-type=\"widget\" data-widget_type=\"divider.default\">\n\t\t\t\t<div class=\"elementor-widget-container\">\n\t\t\t\t\t\t\t<div class=\"elementor-divider\">\n\t\t\t<span class=\"elementor-divider-separator\">\n\t\t\t\t\t\t<\/span>\n\t\t<\/div>\n\t\t\t\t\t\t<\/div>\n\t\t\t\t<\/div>\n\t\t\t\t\t<\/div>\n\t\t<\/div>\n\t\t\t\t<div class=\"elementor-column elementor-col-50 elementor-top-column elementor-element elementor-element-6ef2530\" data-id=\"6ef2530\" data-element_type=\"column\" data-e-type=\"column\">\n\t\t\t<div class=\"elementor-widget-wrap elementor-element-populated\">\n\t\t\t\t\t\t<div class=\"elementor-element elementor-element-37c546f elementor-widget elementor-widget-heading\" data-id=\"37c546f\" data-element_type=\"widget\" data-e-type=\"widget\" data-widget_type=\"heading.default\">\n\t\t\t\t<div class=\"elementor-widget-container\">\n\t\t\t\t\t<h2 class=\"elementor-heading-title elementor-size-default\">Verantwortlich f\u00fcr den Inhalt<\/h2>\t\t\t\t<\/div>\n\t\t\t\t<\/div>\n\t\t\t\t<div class=\"elementor-element elementor-element-41fc57b elementor-widget elementor-widget-heading\" data-id=\"41fc57b\" data-element_type=\"widget\" data-e-type=\"widget\" data-widget_type=\"heading.default\">\n\t\t\t\t<div class=\"elementor-widget-container\">\n\t\t\t\t\t<h2 class=\"elementor-heading-title elementor-size-default\">Pureon AG<br>\nDaniel Spring<br>\nKreuzlingerstrasse 1<br>\n8574 Lengwil<br>\nSchweiz<br><\/h2>\t\t\t\t<\/div>\n\t\t\t\t<\/div>\n\t\t\t\t\t<\/div>\n\t\t<\/div>\n\t\t\t\t\t<\/div>\n\t\t<\/section>\n\t\t\t\t<section class=\"elementor-section elementor-top-section elementor-element elementor-element-4e52ba2 elementor-section-boxed elementor-section-height-default elementor-section-height-default\" data-id=\"4e52ba2\" data-element_type=\"section\" data-e-type=\"section\">\n\t\t\t\t\t\t<div class=\"elementor-container elementor-column-gap-default\">\n\t\t\t\t\t<div class=\"elementor-column elementor-col-50 elementor-top-column elementor-element elementor-element-084848c\" data-id=\"084848c\" data-element_type=\"column\" data-e-type=\"column\">\n\t\t\t<div class=\"elementor-widget-wrap elementor-element-populated\">\n\t\t\t\t\t\t<div class=\"elementor-element elementor-element-f026347 elementor-widget__width-initial elementor-widget-laptop__width-initial elementor-widget-divider--view-line elementor-widget elementor-widget-divider\" data-id=\"f026347\" data-element_type=\"widget\" data-e-type=\"widget\" data-widget_type=\"divider.default\">\n\t\t\t\t<div class=\"elementor-widget-container\">\n\t\t\t\t\t\t\t<div class=\"elementor-divider\">\n\t\t\t<span class=\"elementor-divider-separator\">\n\t\t\t\t\t\t<\/span>\n\t\t<\/div>\n\t\t\t\t\t\t<\/div>\n\t\t\t\t<\/div>\n\t\t\t\t\t<\/div>\n\t\t<\/div>\n\t\t\t\t<div class=\"elementor-column elementor-col-50 elementor-top-column elementor-element elementor-element-936d1ed\" data-id=\"936d1ed\" data-element_type=\"column\" data-e-type=\"column\">\n\t\t\t<div class=\"elementor-widget-wrap elementor-element-populated\">\n\t\t\t\t\t\t<div class=\"elementor-element elementor-element-161348e elementor-widget elementor-widget-heading\" data-id=\"161348e\" data-element_type=\"widget\" data-e-type=\"widget\" data-widget_type=\"heading.default\">\n\t\t\t\t<div class=\"elementor-widget-container\">\n\t\t\t\t\t<h2 class=\"elementor-heading-title elementor-size-default\">Design<\/h2>\t\t\t\t<\/div>\n\t\t\t\t<\/div>\n\t\t\t\t<div class=\"elementor-element elementor-element-d88f4a2 elementor-widget elementor-widget-heading\" data-id=\"d88f4a2\" data-element_type=\"widget\" data-e-type=\"widget\" data-widget_type=\"heading.default\">\n\t\t\t\t<div class=\"elementor-widget-container\">\n\t\t\t\t\t<h2 class=\"elementor-heading-title elementor-size-default\">Adunit Media Network, Hyderabad <a href=\"https:\/\/adunitplus.com\/\" target=\"_blank\">adunitplus.com <\/a><\/h2>\t\t\t\t<\/div>\n\t\t\t\t<\/div>\n\t\t\t\t\t<\/div>\n\t\t<\/div>\n\t\t\t\t\t<\/div>\n\t\t<\/section>\n\t\t\t\t<section class=\"elementor-section elementor-top-section elementor-element elementor-element-95c5b16 elementor-section-boxed elementor-section-height-default elementor-section-height-default\" data-id=\"95c5b16\" data-element_type=\"section\" data-e-type=\"section\">\n\t\t\t\t\t\t<div class=\"elementor-container elementor-column-gap-default\">\n\t\t\t\t\t<div class=\"elementor-column elementor-col-50 elementor-top-column elementor-element elementor-element-b3b051b\" data-id=\"b3b051b\" data-element_type=\"column\" data-e-type=\"column\">\n\t\t\t<div class=\"elementor-widget-wrap elementor-element-populated\">\n\t\t\t\t\t\t<div class=\"elementor-element elementor-element-4612b4c elementor-widget__width-initial elementor-widget-laptop__width-initial elementor-widget-divider--view-line elementor-widget elementor-widget-divider\" data-id=\"4612b4c\" data-element_type=\"widget\" data-e-type=\"widget\" data-widget_type=\"divider.default\">\n\t\t\t\t<div class=\"elementor-widget-container\">\n\t\t\t\t\t\t\t<div class=\"elementor-divider\">\n\t\t\t<span class=\"elementor-divider-separator\">\n\t\t\t\t\t\t<\/span>\n\t\t<\/div>\n\t\t\t\t\t\t<\/div>\n\t\t\t\t<\/div>\n\t\t\t\t\t<\/div>\n\t\t<\/div>\n\t\t\t\t<div class=\"elementor-column elementor-col-50 elementor-top-column elementor-element elementor-element-994640d\" data-id=\"994640d\" data-element_type=\"column\" data-e-type=\"column\">\n\t\t\t<div class=\"elementor-widget-wrap elementor-element-populated\">\n\t\t\t\t\t\t<div class=\"elementor-element elementor-element-8a8f2ea elementor-widget elementor-widget-heading\" data-id=\"8a8f2ea\" data-element_type=\"widget\" data-e-type=\"widget\" data-widget_type=\"heading.default\">\n\t\t\t\t<div class=\"elementor-widget-container\">\n\t\t\t\t\t<h2 class=\"elementor-heading-title elementor-size-default\">Programmierung<\/h2>\t\t\t\t<\/div>\n\t\t\t\t<\/div>\n\t\t\t\t<div class=\"elementor-element elementor-element-803e852 elementor-widget elementor-widget-heading\" data-id=\"803e852\" data-element_type=\"widget\" data-e-type=\"widget\" data-widget_type=\"heading.default\">\n\t\t\t\t<div class=\"elementor-widget-container\">\n\t\t\t\t\t<h2 class=\"elementor-heading-title elementor-size-default\">Adunit Media Network, Hyderabad <a href=\"https:\/\/adunitplus.com\/\" target=\"_blank\">adunitplus.com<\/a><\/h2>\t\t\t\t<\/div>\n\t\t\t\t<\/div>\n\t\t\t\t\t<\/div>\n\t\t<\/div>\n\t\t\t\t\t<\/div>\n\t\t<\/section>\n\t\t\t\t<section class=\"elementor-section elementor-top-section elementor-element elementor-element-e1a3ec0 elementor-section-boxed elementor-section-height-default elementor-section-height-default\" data-id=\"e1a3ec0\" data-element_type=\"section\" data-e-type=\"section\">\n\t\t\t\t\t\t<div class=\"elementor-container elementor-column-gap-default\">\n\t\t\t\t\t<div class=\"elementor-column elementor-col-50 elementor-top-column elementor-element elementor-element-3c653f7\" data-id=\"3c653f7\" data-element_type=\"column\" data-e-type=\"column\">\n\t\t\t<div class=\"elementor-widget-wrap elementor-element-populated\">\n\t\t\t\t\t\t<div class=\"elementor-element elementor-element-235035f elementor-widget__width-initial elementor-widget-laptop__width-initial elementor-widget-divider--view-line elementor-widget elementor-widget-divider\" data-id=\"235035f\" data-element_type=\"widget\" data-e-type=\"widget\" data-widget_type=\"divider.default\">\n\t\t\t\t<div class=\"elementor-widget-container\">\n\t\t\t\t\t\t\t<div class=\"elementor-divider\">\n\t\t\t<span class=\"elementor-divider-separator\">\n\t\t\t\t\t\t<\/span>\n\t\t<\/div>\n\t\t\t\t\t\t<\/div>\n\t\t\t\t<\/div>\n\t\t\t\t\t<\/div>\n\t\t<\/div>\n\t\t\t\t<div class=\"elementor-column elementor-col-50 elementor-top-column elementor-element elementor-element-c29189b\" data-id=\"c29189b\" data-element_type=\"column\" data-e-type=\"column\">\n\t\t\t<div class=\"elementor-widget-wrap elementor-element-populated\">\n\t\t\t\t\t\t<div class=\"elementor-element elementor-element-92841ce elementor-widget elementor-widget-heading\" data-id=\"92841ce\" data-element_type=\"widget\" data-e-type=\"widget\" data-widget_type=\"heading.default\">\n\t\t\t\t<div class=\"elementor-widget-container\">\n\t\t\t\t\t<h2 class=\"elementor-heading-title elementor-size-default\">Haftungshinweis<\/h2>\t\t\t\t<\/div>\n\t\t\t\t<\/div>\n\t\t\t\t<div class=\"elementor-element elementor-element-3b9d3ed elementor-widget elementor-widget-heading\" data-id=\"3b9d3ed\" data-element_type=\"widget\" data-e-type=\"widget\" data-widget_type=\"heading.default\">\n\t\t\t\t<div class=\"elementor-widget-container\">\n\t\t\t\t\t<h2 class=\"elementor-heading-title elementor-size-default\">Trotz sorgf\u00e4ltiger inhaltlicher Kontrolle \u00fcbernehmen wir keine Haftung f\u00fcr die Inhalte externer Links. F\u00fcr den Inhalt der\nverlinkten Seiten sind ausschliesslich deren Betreiber verantwortlich.\n<br><br>\nCopyright \u00a9 2023 Pureon AG<\/h2>\t\t\t\t<\/div>\n\t\t\t\t<\/div>\n\t\t\t\t\t<\/div>\n\t\t<\/div>\n\t\t\t\t\t<\/div>\n\t\t<\/section>\n\t\t\t\t<\/div>\n\t\t","protected":false},"excerpt":{"rendered":"<p>Impressum Verantwortlich f\u00fcr den Inhalt Pureon AG Daniel Spring Kreuzlingerstrasse 1 8574 Lengwil Schweiz Design Adunit Media Network, Hyderabad adunitplus.com [&hellip;]<\/p>\n","protected":false},"author":1,"featured_media":0,"parent":0,"menu_order":0,"comment_status":"closed","ping_status":"closed","template":"","meta":{"footnotes":""},"application_solution":[],"industry_product":[],"material_product":[],"class_list":["post-11189","page","type-page","status-publish","hentry"],"yoast_head":"<!-- This site is optimized with the Yoast SEO plugin v27.0 - https:\/\/yoast.com\/product\/yoast-seo-wordpress\/ -->\n<title>Impressum - Pureon<\/title>\n<meta name=\"robots\" content=\"index, follow, max-snippet:-1, max-image-preview:large, max-video-preview:-1\" \/>\n<link rel=\"canonical\" href=\"https:\/\/pureon.com\/legal-notice\/\" \/>\n<meta property=\"og:locale\" content=\"de_DE\" \/>\n<meta property=\"og:type\" content=\"article\" \/>\n<meta property=\"og:title\" content=\"Impressum - Pureon\" \/>\n<meta property=\"og:description\" content=\"Impressum Verantwortlich f\u00fcr den Inhalt Pureon AG Daniel Spring Kreuzlingerstrasse 1 8574 Lengwil Schweiz Design Adunit Media Network, Hyderabad adunitplus.com [&hellip;]\" \/>\n<meta property=\"og:url\" content=\"https:\/\/pureon.com\/legal-notice\/\" \/>\n<meta property=\"og:site_name\" content=\"Pureon\" \/>\n<meta property=\"article:modified_time\" content=\"2024-05-14T09:20:43+00:00\" \/>\n<meta name=\"twitter:card\" content=\"summary_large_image\" \/>\n<meta name=\"twitter:label1\" content=\"Gesch\u00e4tzte Lesezeit\" \/>\n\t<meta name=\"twitter:data1\" content=\"1\u00a0Minute\" \/>\n<script type=\"application\/ld+json\" class=\"yoast-schema-graph\">{\"@context\":\"https:\/\/schema.org\",\"@graph\":[{\"@type\":\"WebPage\",\"@id\":\"https:\/\/pureon.com\/legal-notice\/\",\"url\":\"https:\/\/pureon.com\/legal-notice\/\",\"name\":\"Impressum - Pureon\",\"isPartOf\":{\"@id\":\"https:\/\/pureon.com\/#website\"},\"datePublished\":\"2023-09-02T03:03:06+00:00\",\"dateModified\":\"2024-05-14T09:20:43+00:00\",\"breadcrumb\":{\"@id\":\"https:\/\/pureon.com\/legal-notice\/#breadcrumb\"},\"inLanguage\":\"de\",\"potentialAction\":[{\"@type\":\"ReadAction\",\"target\":[\"https:\/\/pureon.com\/legal-notice\/\"]}]},{\"@type\":\"BreadcrumbList\",\"@id\":\"https:\/\/pureon.com\/legal-notice\/#breadcrumb\",\"itemListElement\":[{\"@type\":\"ListItem\",\"position\":1,\"name\":\"Home\",\"item\":\"https:\/\/pureon.com\/de\/\"},{\"@type\":\"ListItem\",\"position\":2,\"name\":\"Impressum\"}]},{\"@type\":\"WebSite\",\"@id\":\"https:\/\/pureon.com\/#website\",\"url\":\"https:\/\/pureon.com\/\",\"name\":\"Pureon\",\"description\":\"\",\"publisher\":{\"@id\":\"https:\/\/pureon.com\/#organization\"},\"potentialAction\":[{\"@type\":\"SearchAction\",\"target\":{\"@type\":\"EntryPoint\",\"urlTemplate\":\"https:\/\/pureon.com\/?s={search_term_string}\"},\"query-input\":{\"@type\":\"PropertyValueSpecification\",\"valueRequired\":true,\"valueName\":\"search_term_string\"}}],\"inLanguage\":\"de\"},{\"@type\":\"Organization\",\"@id\":\"https:\/\/pureon.com\/#organization\",\"name\":\"Pureon\",\"url\":\"https:\/\/pureon.com\/\",\"logo\":{\"@type\":\"ImageObject\",\"inLanguage\":\"de\",\"@id\":\"https:\/\/pureon.com\/#\/schema\/logo\/image\/\",\"url\":\"https:\/\/pureon.com\/wp-content\/uploads\/2023\/06\/cropped-Logo.png\",\"contentUrl\":\"https:\/\/pureon.com\/wp-content\/uploads\/2023\/06\/cropped-Logo.png\",\"width\":512,\"height\":512,\"caption\":\"Pureon\"},\"image\":{\"@id\":\"https:\/\/pureon.com\/#\/schema\/logo\/image\/\"}}]}<\/script>\n<!-- \/ Yoast SEO plugin. -->","yoast_head_json":{"title":"Impressum - Pureon","robots":{"index":"index","follow":"follow","max-snippet":"max-snippet:-1","max-image-preview":"max-image-preview:large","max-video-preview":"max-video-preview:-1"},"canonical":"https:\/\/pureon.com\/legal-notice\/","og_locale":"de_DE","og_type":"article","og_title":"Impressum - Pureon","og_description":"Impressum Verantwortlich f\u00fcr den Inhalt Pureon AG Daniel Spring Kreuzlingerstrasse 1 8574 Lengwil Schweiz Design Adunit Media Network, Hyderabad adunitplus.com [&hellip;]","og_url":"https:\/\/pureon.com\/legal-notice\/","og_site_name":"Pureon","article_modified_time":"2024-05-14T09:20:43+00:00","twitter_card":"summary_large_image","twitter_misc":{"Gesch\u00e4tzte Lesezeit":"1\u00a0Minute"},"schema":{"@context":"https:\/\/schema.org","@graph":[{"@type":"WebPage","@id":"https:\/\/pureon.com\/legal-notice\/","url":"https:\/\/pureon.com\/legal-notice\/","name":"Impressum - Pureon","isPartOf":{"@id":"https:\/\/pureon.com\/#website"},"datePublished":"2023-09-02T03:03:06+00:00","dateModified":"2024-05-14T09:20:43+00:00","breadcrumb":{"@id":"https:\/\/pureon.com\/legal-notice\/#breadcrumb"},"inLanguage":"de","potentialAction":[{"@type":"ReadAction","target":["https:\/\/pureon.com\/legal-notice\/"]}]},{"@type":"BreadcrumbList","@id":"https:\/\/pureon.com\/legal-notice\/#breadcrumb","itemListElement":[{"@type":"ListItem","position":1,"name":"Home","item":"https:\/\/pureon.com\/de\/"},{"@type":"ListItem","position":2,"name":"Impressum"}]},{"@type":"WebSite","@id":"https:\/\/pureon.com\/#website","url":"https:\/\/pureon.com\/","name":"Pureon","description":"","publisher":{"@id":"https:\/\/pureon.com\/#organization"},"potentialAction":[{"@type":"SearchAction","target":{"@type":"EntryPoint","urlTemplate":"https:\/\/pureon.com\/?s={search_term_string}"},"query-input":{"@type":"PropertyValueSpecification","valueRequired":true,"valueName":"search_term_string"}}],"inLanguage":"de"},{"@type":"Organization","@id":"https:\/\/pureon.com\/#organization","name":"Pureon","url":"https:\/\/pureon.com\/","logo":{"@type":"ImageObject","inLanguage":"de","@id":"https:\/\/pureon.com\/#\/schema\/logo\/image\/","url":"https:\/\/pureon.com\/wp-content\/uploads\/2023\/06\/cropped-Logo.png","contentUrl":"https:\/\/pureon.com\/wp-content\/uploads\/2023\/06\/cropped-Logo.png","width":512,"height":512,"caption":"Pureon"},"image":{"@id":"https:\/\/pureon.com\/#\/schema\/logo\/image\/"}}]}},"acf":[],"_links":{"self":[{"href":"https:\/\/pureon.com\/de\/wp-json\/wp\/v2\/pages\/11189","targetHints":{"allow":["GET"]}}],"collection":[{"href":"https:\/\/pureon.com\/de\/wp-json\/wp\/v2\/pages"}],"about":[{"href":"https:\/\/pureon.com\/de\/wp-json\/wp\/v2\/types\/page"}],"author":[{"embeddable":true,"href":"https:\/\/pureon.com\/de\/wp-json\/wp\/v2\/users\/1"}],"replies":[{"embeddable":true,"href":"https:\/\/pureon.com\/de\/wp-json\/wp\/v2\/comments?post=11189"}],"version-history":[{"count":18,"href":"https:\/\/pureon.com\/de\/wp-json\/wp\/v2\/pages\/11189\/revisions"}],"predecessor-version":[{"id":17242,"href":"https:\/\/pureon.com\/de\/wp-json\/wp\/v2\/pages\/11189\/revisions\/17242"}],"wp:attachment":[{"href":"https:\/\/pureon.com\/de\/wp-json\/wp\/v2\/media?parent=11189"}],"wp:term":[{"taxonomy":"application_solution","embeddable":true,"href":"https:\/\/pureon.com\/de\/wp-json\/wp\/v2\/application_solution?post=11189"},{"taxonomy":"industry_product","embeddable":true,"href":"https:\/\/pureon.com\/de\/wp-json\/wp\/v2\/industry_product?post=11189"},{"taxonomy":"material_product","embeddable":true,"href":"https:\/\/pureon.com\/de\/wp-json\/wp\/v2\/material_product?post=11189"}],"curies":[{"name":"wp","href":"https:\/\/api.w.org\/{rel}","templated":true}]}}