{"id":11211,"date":"2023-07-20T09:29:49","date_gmt":"2023-07-20T09:29:49","guid":{"rendered":"https:\/\/pureon.com\/process-development\/"},"modified":"2024-05-23T10:09:11","modified_gmt":"2024-05-23T10:09:11","slug":"prozessentwicklung","status":"publish","type":"page","link":"https:\/\/pureon.com\/de\/prozessentwicklung\/","title":{"rendered":"Prozessentwicklung"},"content":{"rendered":"\t\t<div data-elementor-type=\"wp-page\" data-elementor-id=\"11211\" class=\"elementor elementor-11211 elementor-3724\" data-elementor-post-type=\"page\">\n\t\t\t\t\t\t<section class=\"elementor-section elementor-top-section elementor-element elementor-element-18549cbb elementor-section-full_width elementor-section-height-min-height home-banner-move elementor-section-height-default elementor-section-items-middle\" data-id=\"18549cbb\" data-element_type=\"section\" data-e-type=\"section\" data-settings=\"{&quot;background_background&quot;:&quot;classic&quot;}\">\n\t\t\t\t\t\t<div class=\"elementor-container elementor-column-gap-default\">\n\t\t\t\t\t<div class=\"elementor-column elementor-col-100 elementor-top-column elementor-element elementor-element-58e1fad2\" data-id=\"58e1fad2\" data-element_type=\"column\" data-e-type=\"column\">\n\t\t\t<div class=\"elementor-widget-wrap elementor-element-populated\">\n\t\t\t\t\t\t<section class=\"elementor-section elementor-inner-section elementor-element elementor-element-27e56f48 elementor-section-boxed elementor-section-height-default elementor-section-height-default\" data-id=\"27e56f48\" data-element_type=\"section\" data-e-type=\"section\">\n\t\t\t\t\t\t<div class=\"elementor-container elementor-column-gap-default\">\n\t\t\t\t\t<div class=\"elementor-column elementor-col-50 elementor-inner-column elementor-element elementor-element-7568c31c\" data-id=\"7568c31c\" data-element_type=\"column\" data-e-type=\"column\">\n\t\t\t<div class=\"elementor-widget-wrap elementor-element-populated\">\n\t\t\t\t\t\t<div class=\"elementor-element elementor-element-71420ddc elementor-widget elementor-widget-heading\" data-id=\"71420ddc\" data-element_type=\"widget\" data-e-type=\"widget\" data-widget_type=\"heading.default\">\n\t\t\t\t<div class=\"elementor-widget-container\">\n\t\t\t\t\t<h2 class=\"elementor-heading-title elementor-size-default\">Prozessentwicklung<\/h2>\t\t\t\t<\/div>\n\t\t\t\t<\/div>\n\t\t\t\t<div class=\"elementor-element elementor-element-7c03e783 elementor-widget__width-initial elementor-widget-divider--view-line elementor-widget elementor-widget-divider\" data-id=\"7c03e783\" data-element_type=\"widget\" data-e-type=\"widget\" data-widget_type=\"divider.default\">\n\t\t\t\t<div class=\"elementor-widget-container\">\n\t\t\t\t\t\t\t<div class=\"elementor-divider\">\n\t\t\t<span class=\"elementor-divider-separator\">\n\t\t\t\t\t\t<\/span>\n\t\t<\/div>\n\t\t\t\t\t\t<\/div>\n\t\t\t\t<\/div>\n\t\t\t\t<div class=\"elementor-element elementor-element-58d9c004 elementor-widget__width-initial e-transform elementor-widget elementor-widget-heading\" data-id=\"58d9c004\" data-element_type=\"widget\" data-e-type=\"widget\" data-settings=\"{&quot;_transform_translateX_effect&quot;:{&quot;unit&quot;:&quot;px&quot;,&quot;size&quot;:-63,&quot;sizes&quot;:[]},&quot;_transform_translateX_effect_widescreen&quot;:{&quot;unit&quot;:&quot;px&quot;,&quot;size&quot;:-70,&quot;sizes&quot;:[]},&quot;_transform_translateY_effect&quot;:{&quot;unit&quot;:&quot;px&quot;,&quot;size&quot;:0,&quot;sizes&quot;:[]},&quot;_transform_translateX_effect_tablet&quot;:{&quot;unit&quot;:&quot;px&quot;,&quot;size&quot;:-20,&quot;sizes&quot;:[]},&quot;_transform_translateX_effect_mobile&quot;:{&quot;unit&quot;:&quot;px&quot;,&quot;size&quot;:-3,&quot;sizes&quot;:[]},&quot;_transform_translateX_effect_laptop&quot;:{&quot;unit&quot;:&quot;px&quot;,&quot;size&quot;:&quot;&quot;,&quot;sizes&quot;:[]},&quot;_transform_translateY_effect_widescreen&quot;:{&quot;unit&quot;:&quot;px&quot;,&quot;size&quot;:&quot;&quot;,&quot;sizes&quot;:[]},&quot;_transform_translateY_effect_laptop&quot;:{&quot;unit&quot;:&quot;px&quot;,&quot;size&quot;:&quot;&quot;,&quot;sizes&quot;:[]},&quot;_transform_translateY_effect_tablet&quot;:{&quot;unit&quot;:&quot;px&quot;,&quot;size&quot;:&quot;&quot;,&quot;sizes&quot;:[]},&quot;_transform_translateY_effect_mobile&quot;:{&quot;unit&quot;:&quot;px&quot;,&quot;size&quot;:&quot;&quot;,&quot;sizes&quot;:[]}}\" data-widget_type=\"heading.default\">\n\t\t\t\t<div class=\"elementor-widget-container\">\n\t\t\t\t\t<h2 class=\"elementor-heading-title elementor-size-default\">der Innovationsschub durch unsere Experten<\/h2>\t\t\t\t<\/div>\n\t\t\t\t<\/div>\n\t\t\t\t\t<\/div>\n\t\t<\/div>\n\t\t\t\t<div class=\"elementor-column elementor-col-50 elementor-inner-column elementor-element elementor-element-3f98c5d9\" data-id=\"3f98c5d9\" data-element_type=\"column\" data-e-type=\"column\">\n\t\t\t<div class=\"elementor-widget-wrap\">\n\t\t\t\t\t\t\t<\/div>\n\t\t<\/div>\n\t\t\t\t\t<\/div>\n\t\t<\/section>\n\t\t\t\t\t<\/div>\n\t\t<\/div>\n\t\t\t\t\t<\/div>\n\t\t<\/section>\n\t\t\t\t<section class=\"elementor-section elementor-top-section elementor-element elementor-element-54fb5517 elementor-section-boxed elementor-section-height-default elementor-section-height-default\" data-id=\"54fb5517\" data-element_type=\"section\" data-e-type=\"section\">\n\t\t\t\t\t\t<div class=\"elementor-container elementor-column-gap-default\">\n\t\t\t\t\t<div class=\"elementor-column elementor-col-100 elementor-top-column elementor-element elementor-element-746fefaf\" data-id=\"746fefaf\" data-element_type=\"column\" data-e-type=\"column\">\n\t\t\t<div class=\"elementor-widget-wrap elementor-element-populated\">\n\t\t\t\t\t\t<section class=\"elementor-section elementor-inner-section elementor-element elementor-element-2fc4ba5b elementor-section-height-min-height elementor-section-boxed elementor-section-height-default\" data-id=\"2fc4ba5b\" data-element_type=\"section\" data-e-type=\"section\" data-settings=\"{&quot;background_background&quot;:&quot;classic&quot;}\">\n\t\t\t\t\t\t<div class=\"elementor-container elementor-column-gap-default\">\n\t\t\t\t\t<div class=\"elementor-column elementor-col-100 elementor-inner-column elementor-element elementor-element-240f58d3\" data-id=\"240f58d3\" data-element_type=\"column\" data-e-type=\"column\">\n\t\t\t<div class=\"elementor-widget-wrap elementor-element-populated\">\n\t\t\t\t\t\t<div class=\"elementor-element elementor-element-3ef0de22 elementor-widget elementor-widget-text-editor\" data-id=\"3ef0de22\" data-element_type=\"widget\" data-e-type=\"widget\" data-widget_type=\"text-editor.default\">\n\t\t\t\t<div class=\"elementor-widget-container\">\n\t\t\t\t\t\t\t\t\t<h2>Prozessentwicklung bei Pureon<\/h2><p>Bei Pureon sind wir stolz auf unser Engagement f\u00fcr Innovation und Excellenz. Eine der wichtigsten S\u00e4ulen unseres Erfolgs ist unser unerm\u00fcdlicher Fokus auf die Prozessentwicklung. Wir haben es uns zur Aufgabe gemacht, unsere Kunden bei der Entwicklung und Verfeinerung ihrer Prozesse zu unterst\u00fctzen, f\u00fcr mehr Effizienz, h\u00f6chste Qualit\u00e4t und Nachhaltigkeit.<\/p>\t\t\t\t\t\t\t\t<\/div>\n\t\t\t\t<\/div>\n\t\t\t\t<div class=\"elementor-element elementor-element-daae6eb elementor-widget elementor-widget-text-editor\" data-id=\"daae6eb\" data-element_type=\"widget\" data-e-type=\"widget\" data-widget_type=\"text-editor.default\">\n\t\t\t\t<div class=\"elementor-widget-container\">\n\t\t\t\t\t\t\t\t\t<h2>Effizienz und Qualit\u00e4t vorantreiben<\/h2><p>Die Prozessentwicklung steht im Mittelpunkt unserer Arbeit. Dabei geht es um kontinuierliche Verbesserung von Abl\u00e4ufen um optimale Effizienz, Qualit\u00e4t und Nachhaltigkeit zu erreichen. Pureon ist Ihr Partner f\u00fcr den Fortschritt und arbeitet Hand in Hand mit Ihnen, um Prozesse zu entwickeln, die perfekt auf Ihre individuellen Bed\u00fcrfnisse und Ziele abgestimmt sind. Wir wissen, dass in der heutigen schnelllebigen Gesch\u00e4ftswelt Anpassungsf\u00e4higkeit und Innovation von gr\u00f6\u00dfter Bedeutung sind, und deshalb engagieren wir uns f\u00fcr Ihren Erfolg.<\/p>\t\t\t\t\t\t\t\t<\/div>\n\t\t\t\t<\/div>\n\t\t\t\t<div class=\"elementor-element elementor-element-b025234 elementor-widget elementor-widget-text-editor\" data-id=\"b025234\" data-element_type=\"widget\" data-e-type=\"widget\" data-widget_type=\"text-editor.default\">\n\t\t\t\t<div class=\"elementor-widget-container\">\n\t\t\t\t\t\t\t\t\t<h2>Lassen Sie uns diese Reise gemeinsam antreten<\/h2><p>Wir bei Pureon glauben, dass Prozessentwicklung nicht nur aus Aufgaben besteht, sondern ein Weg zum Erfolg ist. Erkunden Sie unser SurfaceLab und entdecken Sie, wie wir Ihr zuverl\u00e4ssiger Partner bei der Erreichung Ihrer Prozessentwicklungsziele sein k\u00f6nnen. Gemeinsam k\u00f6nnen wir eine Zukunft voller Effizienz, Exzellenz und Innovation schaffen.<\/p>\t\t\t\t\t\t\t\t<\/div>\n\t\t\t\t<\/div>\n\t\t\t\t<div class=\"elementor-element elementor-element-4718a5c elementor-widget elementor-widget-text-editor\" data-id=\"4718a5c\" data-element_type=\"widget\" data-e-type=\"widget\" data-widget_type=\"text-editor.default\">\n\t\t\t\t<div class=\"elementor-widget-container\">\n\t\t\t\t\t\t\t\t\t<h2>Nehmen Sie Kontakt auf<\/h2><p>Sind Sie bereit zu besprechen, wie wir Sie bei der Entwicklung Ihrer Prozesse unterst\u00fctzen k\u00f6nnen? Setzen Sie sich noch heute mit uns in Verbindung, und lassen Sie uns gemeinsam neue Wege gehen.<\/p>\t\t\t\t\t\t\t\t<\/div>\n\t\t\t\t<\/div>\n\t\t\t\t\t<\/div>\n\t\t<\/div>\n\t\t\t\t\t<\/div>\n\t\t<\/section>\n\t\t\t\t<section class=\"elementor-section elementor-inner-section elementor-element elementor-element-5ec57a9f elementor-section-boxed elementor-section-height-default elementor-section-height-default\" data-id=\"5ec57a9f\" data-element_type=\"section\" data-e-type=\"section\">\n\t\t\t\t\t\t<div class=\"elementor-container elementor-column-gap-default\">\n\t\t\t\t\t<div class=\"elementor-column elementor-col-100 elementor-inner-column elementor-element elementor-element-259b2300\" data-id=\"259b2300\" data-element_type=\"column\" data-e-type=\"column\">\n\t\t\t<div class=\"elementor-widget-wrap elementor-element-populated\">\n\t\t\t\t\t\t<div class=\"elementor-element elementor-element-444f4e5b elementor-widget elementor-widget-video\" data-id=\"444f4e5b\" data-element_type=\"widget\" data-e-type=\"widget\" data-settings=\"{&quot;video_type&quot;:&quot;hosted&quot;,&quot;controls&quot;:&quot;yes&quot;}\" data-widget_type=\"video.default\">\n\t\t\t\t<div class=\"elementor-widget-container\">\n\t\t\t\t\t\t\t<div class=\"e-hosted-video elementor-wrapper elementor-open-inline\">\n\t\t\t\t\t<video class=\"elementor-video\" src=\"https:\/\/pureon.com\/wp-content\/uploads\/2023\/07\/Scribble_mobile-version.mp4\" controls=\"\" preload=\"metadata\" controlsList=\"nodownload\" poster=\"https:\/\/pureon.com\/wp-content\/uploads\/2023\/07\/Screenshot_1-1.png\"><\/video>\n\t\t\t\t<\/div>\n\t\t\t\t\t\t<\/div>\n\t\t\t\t<\/div>\n\t\t\t\t\t<\/div>\n\t\t<\/div>\n\t\t\t\t\t<\/div>\n\t\t<\/section>\n\t\t\t\t<section class=\"elementor-section elementor-inner-section elementor-element elementor-element-775b177 elementor-hidden-widescreen elementor-hidden-desktop elementor-hidden-laptop elementor-hidden-tablet elementor-hidden-mobile elementor-section-boxed elementor-section-height-default elementor-section-height-default\" data-id=\"775b177\" data-element_type=\"section\" data-e-type=\"section\">\n\t\t\t\t\t\t<div class=\"elementor-container elementor-column-gap-default\">\n\t\t\t\t\t<div class=\"elementor-column elementor-col-100 elementor-inner-column elementor-element elementor-element-6e771ce1\" data-id=\"6e771ce1\" data-element_type=\"column\" data-e-type=\"column\">\n\t\t\t<div class=\"elementor-widget-wrap elementor-element-populated\">\n\t\t\t\t\t\t<div class=\"elementor-element elementor-element-6a837002 elementor-widget elementor-widget-text-editor\" data-id=\"6a837002\" data-element_type=\"widget\" data-e-type=\"widget\" data-widget_type=\"text-editor.default\">\n\t\t\t\t<div class=\"elementor-widget-container\">\n\t\t\t\t\t\t\t\t\t<div>Auf 200 Quadratmetern befindet sich alles, was unsere Kunden f\u00fcr eine optimale Prozessentwicklung ben\u00f6tigen: L\u00e4pp-, Schleif- und Poliermaschinen, Dampf- und Ultraschallreiniger, ein Laser-Scanning-Mikroskop und ein Laserprofilometer zur 3D-Vermessung gro\u00dffl\u00e4chiger Bauteile. Mit diesen Ger\u00e4ten erkennen wir jede Rille bis auf 0,5 Nanometer genau &#8211; mit hochaufl\u00f6senden Bildern der Werkst\u00fccke. Wir verbessern den Produktionsprozess unserer Kunden: Keine Zeitverluste durch interne Experimente. Ohne Unterbrechung der Produktion. Wann k\u00f6nnen wir Sie in unserem Surface-Lab begr\u00fc\u00dfen?<\/div>\n\t\t\t\t\t\t\t\t<\/div>\n\t\t\t\t<\/div>\n\t\t\t\t<div class=\"elementor-element elementor-element-8d8aa16 elementor-widget elementor-widget-button\" data-id=\"8d8aa16\" data-element_type=\"widget\" data-e-type=\"widget\" data-widget_type=\"button.default\">\n\t\t\t\t<div class=\"elementor-widget-container\">\n\t\t\t\t\t\t\t\t\t<div class=\"elementor-button-wrapper\">\n\t\t\t\t\t<a class=\"elementor-button elementor-button-link elementor-size-sm\" href=\"#\">\n\t\t\t\t\t\t<span class=\"elementor-button-content-wrapper\">\n\t\t\t\t\t\t\t\t\t<span class=\"elementor-button-text\">Buchen Sie jetzt Ihren Besuch<\/span>\n\t\t\t\t\t<\/span>\n\t\t\t\t\t<\/a>\n\t\t\t\t<\/div>\n\t\t\t\t\t\t\t\t<\/div>\n\t\t\t\t<\/div>\n\t\t\t\t\t<\/div>\n\t\t<\/div>\n\t\t\t\t\t<\/div>\n\t\t<\/section>\n\t\t\t\t\t<\/div>\n\t\t<\/div>\n\t\t\t\t\t<\/div>\n\t\t<\/section>\n\t\t\t\t<section class=\"elementor-section elementor-top-section elementor-element elementor-element-7c0c233c elementor-section-full_width elementor-hidden-widescreen elementor-hidden-desktop elementor-hidden-laptop elementor-hidden-tablet elementor-hidden-mobile elementor-section-height-default elementor-section-height-default\" data-id=\"7c0c233c\" data-element_type=\"section\" data-e-type=\"section\" data-settings=\"{&quot;background_background&quot;:&quot;classic&quot;}\">\n\t\t\t\t\t\t<div class=\"elementor-container elementor-column-gap-default\">\n\t\t\t\t\t<div class=\"elementor-column elementor-col-100 elementor-top-column elementor-element elementor-element-31514a71\" data-id=\"31514a71\" data-element_type=\"column\" data-e-type=\"column\" data-settings=\"{&quot;background_background&quot;:&quot;classic&quot;}\">\n\t\t\t<div class=\"elementor-widget-wrap elementor-element-populated\">\n\t\t\t\t\t\t<section class=\"elementor-section elementor-inner-section elementor-element elementor-element-4bd669f0 elementor-section-boxed elementor-section-height-default elementor-section-height-default\" data-id=\"4bd669f0\" data-element_type=\"section\" data-e-type=\"section\" data-settings=\"{&quot;background_background&quot;:&quot;classic&quot;}\">\n\t\t\t\t\t\t<div class=\"elementor-container elementor-column-gap-default\">\n\t\t\t\t\t<div class=\"elementor-column elementor-col-100 elementor-inner-column elementor-element elementor-element-41a06bdf\" data-id=\"41a06bdf\" data-element_type=\"column\" data-e-type=\"column\">\n\t\t\t<div class=\"elementor-widget-wrap elementor-element-populated\">\n\t\t\t\t\t\t<div class=\"elementor-element elementor-element-2f6edd2e elementor-widget elementor-widget-heading\" data-id=\"2f6edd2e\" data-element_type=\"widget\" data-e-type=\"widget\" data-widget_type=\"heading.default\">\n\t\t\t\t<div class=\"elementor-widget-container\">\n\t\t\t\t\t<h2 class=\"elementor-heading-title elementor-size-default\">Sind Sie an einer virtuellen Demonstration in unserem 3D-Oberfl\u00e4chenlabor interessiert?<br>Kein Problem.\n\n<\/h2>\t\t\t\t<\/div>\n\t\t\t\t<\/div>\n\t\t\t\t<div class=\"elementor-element elementor-element-ff9570d elementor-widget elementor-widget-button\" data-id=\"ff9570d\" data-element_type=\"widget\" data-e-type=\"widget\" data-widget_type=\"button.default\">\n\t\t\t\t<div class=\"elementor-widget-container\">\n\t\t\t\t\t\t\t\t\t<div class=\"elementor-button-wrapper\">\n\t\t\t\t\t<a class=\"elementor-button elementor-button-link elementor-size-sm\" href=\"#\">\n\t\t\t\t\t\t<span class=\"elementor-button-content-wrapper\">\n\t\t\t\t\t\t\t\t\t<span class=\"elementor-button-text\">Virtuelle Live-Demo jetzt buchen  <\/span>\n\t\t\t\t\t<\/span>\n\t\t\t\t\t<\/a>\n\t\t\t\t<\/div>\n\t\t\t\t\t\t\t\t<\/div>\n\t\t\t\t<\/div>\n\t\t\t\t\t<\/div>\n\t\t<\/div>\n\t\t\t\t\t<\/div>\n\t\t<\/section>\n\t\t\t\t\t<\/div>\n\t\t<\/div>\n\t\t\t\t\t<\/div>\n\t\t<\/section>\n\t\t\t\t<section class=\"elementor-section elementor-top-section elementor-element elementor-element-4a4470b elementor-section-boxed elementor-section-height-default elementor-section-height-default\" data-id=\"4a4470b\" data-element_type=\"section\" data-e-type=\"section\" data-settings=\"{&quot;background_background&quot;:&quot;classic&quot;}\">\n\t\t\t\t\t\t<div class=\"elementor-container elementor-column-gap-default\">\n\t\t\t\t\t<div class=\"elementor-column elementor-col-100 elementor-top-column elementor-element elementor-element-d5f5a16\" data-id=\"d5f5a16\" data-element_type=\"column\" data-e-type=\"column\">\n\t\t\t<div class=\"elementor-widget-wrap elementor-element-populated\">\n\t\t\t\t\t\t<div class=\"elementor-element elementor-element-691f5de elementor-widget elementor-widget-heading\" data-id=\"691f5de\" data-element_type=\"widget\" data-e-type=\"widget\" data-widget_type=\"heading.default\">\n\t\t\t\t<div class=\"elementor-widget-container\">\n\t\t\t\t\t<h2 class=\"elementor-heading-title elementor-size-default\"><a href=\"https:\/\/pureon.com\/de\/surfacelab\/\">Surface Lab<\/a><\/h2>\t\t\t\t<\/div>\n\t\t\t\t<\/div>\n\t\t\t\t<div class=\"elementor-element elementor-element-661077b elementor-widget elementor-widget-text-editor\" data-id=\"661077b\" data-element_type=\"widget\" data-e-type=\"widget\" data-widget_type=\"text-editor.default\">\n\t\t\t\t<div class=\"elementor-widget-container\">\n\t\t\t\t\t\t\t\t\tErfahren Sie mehr \u00fcber unser Surface Lab<br>\nund wie Sie davon profitieren k\u00f6nnen.\t\t\t\t\t\t\t\t<\/div>\n\t\t\t\t<\/div>\n\t\t\t\t\t<\/div>\n\t\t<\/div>\n\t\t\t\t\t<\/div>\n\t\t<\/section>\n\t\t\t\t<\/div>\n\t\t","protected":false},"excerpt":{"rendered":"<p>Prozessentwicklung der Innovationsschub durch unsere Experten Prozessentwicklung bei Pureon Bei Pureon sind wir stolz auf unser Engagement f\u00fcr Innovation und [&hellip;]<\/p>\n","protected":false},"author":1,"featured_media":0,"parent":0,"menu_order":0,"comment_status":"closed","ping_status":"closed","template":"","meta":{"footnotes":""},"application_solution":[],"industry_product":[],"material_product":[],"class_list":["post-11211","page","type-page","status-publish","hentry"],"yoast_head":"<!-- This site is optimized with the Yoast SEO plugin v27.0 - https:\/\/yoast.com\/product\/yoast-seo-wordpress\/ -->\n<title>Prozessentwicklung - Pureon<\/title>\n<meta name=\"robots\" content=\"index, follow, max-snippet:-1, max-image-preview:large, max-video-preview:-1\" \/>\n<link rel=\"canonical\" href=\"https:\/\/pureon.com\/process-development\/\" \/>\n<meta property=\"og:locale\" content=\"de_DE\" \/>\n<meta property=\"og:type\" content=\"article\" \/>\n<meta property=\"og:title\" content=\"Prozessentwicklung - Pureon\" \/>\n<meta property=\"og:description\" content=\"Prozessentwicklung der Innovationsschub durch unsere Experten Prozessentwicklung bei Pureon Bei Pureon sind wir stolz auf unser Engagement f\u00fcr Innovation und [&hellip;]\" \/>\n<meta property=\"og:url\" content=\"https:\/\/pureon.com\/process-development\/\" \/>\n<meta property=\"og:site_name\" content=\"Pureon\" \/>\n<meta property=\"article:modified_time\" content=\"2024-05-23T10:09:11+00:00\" \/>\n<meta name=\"twitter:card\" content=\"summary_large_image\" \/>\n<meta name=\"twitter:label1\" content=\"Gesch\u00e4tzte Lesezeit\" \/>\n\t<meta name=\"twitter:data1\" content=\"2\u00a0Minuten\" \/>\n<script type=\"application\/ld+json\" class=\"yoast-schema-graph\">{\"@context\":\"https:\/\/schema.org\",\"@graph\":[{\"@type\":\"WebPage\",\"@id\":\"https:\/\/pureon.com\/process-development\/\",\"url\":\"https:\/\/pureon.com\/process-development\/\",\"name\":\"Prozessentwicklung - Pureon\",\"isPartOf\":{\"@id\":\"https:\/\/pureon.com\/#website\"},\"datePublished\":\"2023-07-20T09:29:49+00:00\",\"dateModified\":\"2024-05-23T10:09:11+00:00\",\"breadcrumb\":{\"@id\":\"https:\/\/pureon.com\/process-development\/#breadcrumb\"},\"inLanguage\":\"de\",\"potentialAction\":[{\"@type\":\"ReadAction\",\"target\":[\"https:\/\/pureon.com\/process-development\/\"]}]},{\"@type\":\"BreadcrumbList\",\"@id\":\"https:\/\/pureon.com\/process-development\/#breadcrumb\",\"itemListElement\":[{\"@type\":\"ListItem\",\"position\":1,\"name\":\"Home\",\"item\":\"https:\/\/pureon.com\/de\/\"},{\"@type\":\"ListItem\",\"position\":2,\"name\":\"Prozessentwicklung\"}]},{\"@type\":\"WebSite\",\"@id\":\"https:\/\/pureon.com\/#website\",\"url\":\"https:\/\/pureon.com\/\",\"name\":\"Pureon\",\"description\":\"\",\"publisher\":{\"@id\":\"https:\/\/pureon.com\/#organization\"},\"potentialAction\":[{\"@type\":\"SearchAction\",\"target\":{\"@type\":\"EntryPoint\",\"urlTemplate\":\"https:\/\/pureon.com\/?s={search_term_string}\"},\"query-input\":{\"@type\":\"PropertyValueSpecification\",\"valueRequired\":true,\"valueName\":\"search_term_string\"}}],\"inLanguage\":\"de\"},{\"@type\":\"Organization\",\"@id\":\"https:\/\/pureon.com\/#organization\",\"name\":\"Pureon\",\"url\":\"https:\/\/pureon.com\/\",\"logo\":{\"@type\":\"ImageObject\",\"inLanguage\":\"de\",\"@id\":\"https:\/\/pureon.com\/#\/schema\/logo\/image\/\",\"url\":\"https:\/\/pureon.com\/wp-content\/uploads\/2023\/06\/cropped-Logo.png\",\"contentUrl\":\"https:\/\/pureon.com\/wp-content\/uploads\/2023\/06\/cropped-Logo.png\",\"width\":512,\"height\":512,\"caption\":\"Pureon\"},\"image\":{\"@id\":\"https:\/\/pureon.com\/#\/schema\/logo\/image\/\"}}]}<\/script>\n<!-- \/ Yoast SEO plugin. -->","yoast_head_json":{"title":"Prozessentwicklung - Pureon","robots":{"index":"index","follow":"follow","max-snippet":"max-snippet:-1","max-image-preview":"max-image-preview:large","max-video-preview":"max-video-preview:-1"},"canonical":"https:\/\/pureon.com\/process-development\/","og_locale":"de_DE","og_type":"article","og_title":"Prozessentwicklung - Pureon","og_description":"Prozessentwicklung der Innovationsschub durch unsere Experten Prozessentwicklung bei Pureon Bei Pureon sind wir stolz auf unser Engagement f\u00fcr Innovation und [&hellip;]","og_url":"https:\/\/pureon.com\/process-development\/","og_site_name":"Pureon","article_modified_time":"2024-05-23T10:09:11+00:00","twitter_card":"summary_large_image","twitter_misc":{"Gesch\u00e4tzte Lesezeit":"2\u00a0Minuten"},"schema":{"@context":"https:\/\/schema.org","@graph":[{"@type":"WebPage","@id":"https:\/\/pureon.com\/process-development\/","url":"https:\/\/pureon.com\/process-development\/","name":"Prozessentwicklung - Pureon","isPartOf":{"@id":"https:\/\/pureon.com\/#website"},"datePublished":"2023-07-20T09:29:49+00:00","dateModified":"2024-05-23T10:09:11+00:00","breadcrumb":{"@id":"https:\/\/pureon.com\/process-development\/#breadcrumb"},"inLanguage":"de","potentialAction":[{"@type":"ReadAction","target":["https:\/\/pureon.com\/process-development\/"]}]},{"@type":"BreadcrumbList","@id":"https:\/\/pureon.com\/process-development\/#breadcrumb","itemListElement":[{"@type":"ListItem","position":1,"name":"Home","item":"https:\/\/pureon.com\/de\/"},{"@type":"ListItem","position":2,"name":"Prozessentwicklung"}]},{"@type":"WebSite","@id":"https:\/\/pureon.com\/#website","url":"https:\/\/pureon.com\/","name":"Pureon","description":"","publisher":{"@id":"https:\/\/pureon.com\/#organization"},"potentialAction":[{"@type":"SearchAction","target":{"@type":"EntryPoint","urlTemplate":"https:\/\/pureon.com\/?s={search_term_string}"},"query-input":{"@type":"PropertyValueSpecification","valueRequired":true,"valueName":"search_term_string"}}],"inLanguage":"de"},{"@type":"Organization","@id":"https:\/\/pureon.com\/#organization","name":"Pureon","url":"https:\/\/pureon.com\/","logo":{"@type":"ImageObject","inLanguage":"de","@id":"https:\/\/pureon.com\/#\/schema\/logo\/image\/","url":"https:\/\/pureon.com\/wp-content\/uploads\/2023\/06\/cropped-Logo.png","contentUrl":"https:\/\/pureon.com\/wp-content\/uploads\/2023\/06\/cropped-Logo.png","width":512,"height":512,"caption":"Pureon"},"image":{"@id":"https:\/\/pureon.com\/#\/schema\/logo\/image\/"}}]}},"acf":[],"_links":{"self":[{"href":"https:\/\/pureon.com\/de\/wp-json\/wp\/v2\/pages\/11211","targetHints":{"allow":["GET"]}}],"collection":[{"href":"https:\/\/pureon.com\/de\/wp-json\/wp\/v2\/pages"}],"about":[{"href":"https:\/\/pureon.com\/de\/wp-json\/wp\/v2\/types\/page"}],"author":[{"embeddable":true,"href":"https:\/\/pureon.com\/de\/wp-json\/wp\/v2\/users\/1"}],"replies":[{"embeddable":true,"href":"https:\/\/pureon.com\/de\/wp-json\/wp\/v2\/comments?post=11211"}],"version-history":[{"count":32,"href":"https:\/\/pureon.com\/de\/wp-json\/wp\/v2\/pages\/11211\/revisions"}],"predecessor-version":[{"id":17854,"href":"https:\/\/pureon.com\/de\/wp-json\/wp\/v2\/pages\/11211\/revisions\/17854"}],"wp:attachment":[{"href":"https:\/\/pureon.com\/de\/wp-json\/wp\/v2\/media?parent=11211"}],"wp:term":[{"taxonomy":"application_solution","embeddable":true,"href":"https:\/\/pureon.com\/de\/wp-json\/wp\/v2\/application_solution?post=11211"},{"taxonomy":"industry_product","embeddable":true,"href":"https:\/\/pureon.com\/de\/wp-json\/wp\/v2\/industry_product?post=11211"},{"taxonomy":"material_product","embeddable":true,"href":"https:\/\/pureon.com\/de\/wp-json\/wp\/v2\/material_product?post=11211"}],"curies":[{"name":"wp","href":"https:\/\/api.w.org\/{rel}","templated":true}]}}