{"id":11369,"date":"2023-09-12T21:56:55","date_gmt":"2023-09-12T21:56:55","guid":{"rendered":"https:\/\/pureon.com\/surface-lab\/"},"modified":"2024-06-04T09:05:05","modified_gmt":"2024-06-04T09:05:05","slug":"surfacelab","status":"publish","type":"page","link":"https:\/\/pureon.com\/de\/surfacelab\/","title":{"rendered":"SurfaceLab"},"content":{"rendered":"\t\t<div data-elementor-type=\"wp-page\" data-elementor-id=\"11369\" class=\"elementor elementor-11369 elementor-9168\" data-elementor-post-type=\"page\">\n\t\t\t\t\t\t<section class=\"elementor-section elementor-top-section elementor-element elementor-element-18549cbb elementor-section-full_width elementor-section-height-min-height home-banner-move elementor-section-height-default elementor-section-items-middle\" data-id=\"18549cbb\" data-element_type=\"section\" data-e-type=\"section\" data-settings=\"{&quot;background_background&quot;:&quot;classic&quot;}\">\n\t\t\t\t\t\t<div class=\"elementor-container elementor-column-gap-default\">\n\t\t\t\t\t<div class=\"elementor-column elementor-col-100 elementor-top-column elementor-element elementor-element-58e1fad2\" data-id=\"58e1fad2\" data-element_type=\"column\" data-e-type=\"column\">\n\t\t\t<div class=\"elementor-widget-wrap elementor-element-populated\">\n\t\t\t\t\t\t<section class=\"elementor-section elementor-inner-section elementor-element elementor-element-27e56f48 elementor-section-boxed elementor-section-height-default elementor-section-height-default\" data-id=\"27e56f48\" data-element_type=\"section\" data-e-type=\"section\">\n\t\t\t\t\t\t<div class=\"elementor-container elementor-column-gap-default\">\n\t\t\t\t\t<div class=\"elementor-column elementor-col-50 elementor-inner-column elementor-element elementor-element-7568c31c\" data-id=\"7568c31c\" data-element_type=\"column\" data-e-type=\"column\">\n\t\t\t<div class=\"elementor-widget-wrap elementor-element-populated\">\n\t\t\t\t\t\t<div class=\"elementor-element elementor-element-71420ddc elementor-widget elementor-widget-heading\" data-id=\"71420ddc\" data-element_type=\"widget\" data-e-type=\"widget\" data-widget_type=\"heading.default\">\n\t\t\t\t<div class=\"elementor-widget-container\">\n\t\t\t\t\t<h2 class=\"elementor-heading-title elementor-size-default\">SurfaceLab<\/h2>\t\t\t\t<\/div>\n\t\t\t\t<\/div>\n\t\t\t\t<div class=\"elementor-element elementor-element-7c03e783 elementor-widget__width-initial elementor-widget-divider--view-line elementor-widget elementor-widget-divider\" data-id=\"7c03e783\" data-element_type=\"widget\" data-e-type=\"widget\" data-widget_type=\"divider.default\">\n\t\t\t\t<div class=\"elementor-widget-container\">\n\t\t\t\t\t\t\t<div class=\"elementor-divider\">\n\t\t\t<span class=\"elementor-divider-separator\">\n\t\t\t\t\t\t<\/span>\n\t\t<\/div>\n\t\t\t\t\t\t<\/div>\n\t\t\t\t<\/div>\n\t\t\t\t<div class=\"elementor-element elementor-element-58d9c004 elementor-widget__width-initial e-transform elementor-widget elementor-widget-heading\" data-id=\"58d9c004\" data-element_type=\"widget\" data-e-type=\"widget\" data-settings=\"{&quot;_transform_translateX_effect&quot;:{&quot;unit&quot;:&quot;px&quot;,&quot;size&quot;:-63,&quot;sizes&quot;:[]},&quot;_transform_translateX_effect_widescreen&quot;:{&quot;unit&quot;:&quot;px&quot;,&quot;size&quot;:-70,&quot;sizes&quot;:[]},&quot;_transform_translateY_effect&quot;:{&quot;unit&quot;:&quot;px&quot;,&quot;size&quot;:0,&quot;sizes&quot;:[]},&quot;_transform_translateX_effect_tablet&quot;:{&quot;unit&quot;:&quot;px&quot;,&quot;size&quot;:-20,&quot;sizes&quot;:[]},&quot;_transform_translateX_effect_mobile&quot;:{&quot;unit&quot;:&quot;px&quot;,&quot;size&quot;:-3,&quot;sizes&quot;:[]},&quot;_transform_translateX_effect_laptop&quot;:{&quot;unit&quot;:&quot;px&quot;,&quot;size&quot;:&quot;&quot;,&quot;sizes&quot;:[]},&quot;_transform_translateY_effect_widescreen&quot;:{&quot;unit&quot;:&quot;px&quot;,&quot;size&quot;:&quot;&quot;,&quot;sizes&quot;:[]},&quot;_transform_translateY_effect_laptop&quot;:{&quot;unit&quot;:&quot;px&quot;,&quot;size&quot;:&quot;&quot;,&quot;sizes&quot;:[]},&quot;_transform_translateY_effect_tablet&quot;:{&quot;unit&quot;:&quot;px&quot;,&quot;size&quot;:&quot;&quot;,&quot;sizes&quot;:[]},&quot;_transform_translateY_effect_mobile&quot;:{&quot;unit&quot;:&quot;px&quot;,&quot;size&quot;:&quot;&quot;,&quot;sizes&quot;:[]}}\" data-widget_type=\"heading.default\">\n\t\t\t\t<div class=\"elementor-widget-container\">\n\t\t\t\t\t<h2 class=\"elementor-heading-title elementor-size-default\">Der Innovationsschub aus dem Labor<\/h2>\t\t\t\t<\/div>\n\t\t\t\t<\/div>\n\t\t\t\t\t<\/div>\n\t\t<\/div>\n\t\t\t\t<div class=\"elementor-column elementor-col-50 elementor-inner-column elementor-element elementor-element-3f98c5d9\" data-id=\"3f98c5d9\" data-element_type=\"column\" data-e-type=\"column\">\n\t\t\t<div class=\"elementor-widget-wrap\">\n\t\t\t\t\t\t\t<\/div>\n\t\t<\/div>\n\t\t\t\t\t<\/div>\n\t\t<\/section>\n\t\t\t\t\t<\/div>\n\t\t<\/div>\n\t\t\t\t\t<\/div>\n\t\t<\/section>\n\t\t\t\t<section class=\"elementor-section elementor-top-section elementor-element elementor-element-54fb5517 elementor-section-boxed elementor-section-height-default elementor-section-height-default\" data-id=\"54fb5517\" data-element_type=\"section\" data-e-type=\"section\">\n\t\t\t\t\t\t<div class=\"elementor-container elementor-column-gap-default\">\n\t\t\t\t\t<div class=\"elementor-column elementor-col-100 elementor-top-column elementor-element elementor-element-746fefaf\" data-id=\"746fefaf\" data-element_type=\"column\" data-e-type=\"column\">\n\t\t\t<div class=\"elementor-widget-wrap elementor-element-populated\">\n\t\t\t\t\t\t<section class=\"elementor-section elementor-inner-section elementor-element elementor-element-2fc4ba5b elementor-section-height-min-height elementor-section-boxed elementor-section-height-default\" data-id=\"2fc4ba5b\" data-element_type=\"section\" data-e-type=\"section\" data-settings=\"{&quot;background_background&quot;:&quot;classic&quot;}\">\n\t\t\t\t\t\t<div class=\"elementor-container elementor-column-gap-default\">\n\t\t\t\t\t<div class=\"elementor-column elementor-col-100 elementor-inner-column elementor-element elementor-element-240f58d3\" data-id=\"240f58d3\" data-element_type=\"column\" data-e-type=\"column\">\n\t\t\t<div class=\"elementor-widget-wrap elementor-element-populated\">\n\t\t\t\t\t\t<div class=\"elementor-element elementor-element-3ef0de22 elementor-widget elementor-widget-text-editor\" data-id=\"3ef0de22\" data-element_type=\"widget\" data-e-type=\"widget\" data-widget_type=\"text-editor.default\">\n\t\t\t\t<div class=\"elementor-widget-container\">\n\t\t\t\t\t\t\t\t\tWir investieren bewusst in die Forschung und erschliessen mit Neuentwicklungen neue Gesch\u00e4ftsfelder &#8211; Erfindergeist ist Teil unserer DNA. Der direkte Austausch mit unseren Kunden ist f\u00fcr uns enorm wichtig. Aus diesem Grund bieten wir Live-Demonstrationen unserer Produkte und L\u00f6sungen in unserem Surface Lab an.\t\t\t\t\t\t\t\t<\/div>\n\t\t\t\t<\/div>\n\t\t\t\t\t<\/div>\n\t\t<\/div>\n\t\t\t\t\t<\/div>\n\t\t<\/section>\n\t\t\t\t<section class=\"elementor-section elementor-inner-section elementor-element elementor-element-5ec57a9f elementor-section-boxed elementor-section-height-default elementor-section-height-default\" data-id=\"5ec57a9f\" data-element_type=\"section\" data-e-type=\"section\">\n\t\t\t\t\t\t<div class=\"elementor-container elementor-column-gap-default\">\n\t\t\t\t\t<div class=\"elementor-column elementor-col-100 elementor-inner-column elementor-element elementor-element-259b2300\" data-id=\"259b2300\" data-element_type=\"column\" data-e-type=\"column\">\n\t\t\t<div class=\"elementor-widget-wrap elementor-element-populated\">\n\t\t\t\t\t\t<div class=\"elementor-element elementor-element-444f4e5b elementor-widget elementor-widget-video\" data-id=\"444f4e5b\" data-element_type=\"widget\" data-e-type=\"widget\" data-settings=\"{&quot;video_type&quot;:&quot;hosted&quot;,&quot;controls&quot;:&quot;yes&quot;}\" data-widget_type=\"video.default\">\n\t\t\t\t<div class=\"elementor-widget-container\">\n\t\t\t\t\t\t\t<div class=\"e-hosted-video elementor-wrapper elementor-open-inline\">\n\t\t\t\t\t<video class=\"elementor-video\" src=\"https:\/\/pureon.com\/wp-content\/uploads\/2023\/09\/surface_lab_newsoutofthelab_2023-03-03.mp4\" controls=\"\" preload=\"metadata\" controlsList=\"nodownload\" poster=\"https:\/\/pureon.com\/wp-content\/uploads\/2023\/09\/DSC02637-2-scaled.jpeg\"><\/video>\n\t\t\t\t<\/div>\n\t\t\t\t\t\t<\/div>\n\t\t\t\t<\/div>\n\t\t\t\t\t<\/div>\n\t\t<\/div>\n\t\t\t\t\t<\/div>\n\t\t<\/section>\n\t\t\t\t<section class=\"elementor-section elementor-inner-section elementor-element elementor-element-775b177 elementor-section-boxed elementor-section-height-default elementor-section-height-default\" data-id=\"775b177\" data-element_type=\"section\" data-e-type=\"section\">\n\t\t\t\t\t\t<div class=\"elementor-container elementor-column-gap-default\">\n\t\t\t\t\t<div class=\"elementor-column elementor-col-100 elementor-inner-column elementor-element elementor-element-6e771ce1\" data-id=\"6e771ce1\" data-element_type=\"column\" data-e-type=\"column\">\n\t\t\t<div class=\"elementor-widget-wrap elementor-element-populated\">\n\t\t\t\t\t\t<div class=\"elementor-element elementor-element-6a837002 elementor-widget elementor-widget-text-editor\" data-id=\"6a837002\" data-element_type=\"widget\" data-e-type=\"widget\" data-widget_type=\"text-editor.default\">\n\t\t\t\t<div class=\"elementor-widget-container\">\n\t\t\t\t\t\t\t\t\t<div>Auf 200 Quadratmetern befindet sich alles, was unsere Kunden f\u00fcr eine optimale Prozessentwicklung ben\u00f6tigen: L\u00e4pp-, Schleif- und Poliermaschinen, Dampf- und Ultraschallreiniger, ein Laser-Scanning-Mikroskop und ein Laserprofilometer zur 3D-Vermessung grossfl\u00e4chiger Bauteile. Mit diesen Ger\u00e4ten erkennen wir jede Rille bis auf 0,5 Nanometer genau &#8211; mit hochaufl\u00f6senden Bildern der Werkst\u00fccke. Wir verbessern den Produktionsprozess unserer Kunden: ohne Zeitverluste durch interne Experimente. Ohne Unterbrechung der Produktion.\n\nWann d\u00fcrfen wir Sie in unserem Surface Lab begr\u00fcssen?<\/div>\t\t\t\t\t\t\t\t<\/div>\n\t\t\t\t<\/div>\n\t\t\t\t<div class=\"elementor-element elementor-element-8d8aa16 elementor-widget elementor-widget-button\" data-id=\"8d8aa16\" data-element_type=\"widget\" data-e-type=\"widget\" data-widget_type=\"button.default\">\n\t\t\t\t<div class=\"elementor-widget-container\">\n\t\t\t\t\t\t\t\t\t<div class=\"elementor-button-wrapper\">\n\t\t\t\t\t<a class=\"elementor-button elementor-button-link elementor-size-sm\" href=\"https:\/\/pureon.com\/de\/contact-us\/\">\n\t\t\t\t\t\t<span class=\"elementor-button-content-wrapper\">\n\t\t\t\t\t\t\t\t\t<span class=\"elementor-button-text\">Buchen Sie jetzt Ihren Besuch<\/span>\n\t\t\t\t\t<\/span>\n\t\t\t\t\t<\/a>\n\t\t\t\t<\/div>\n\t\t\t\t\t\t\t\t<\/div>\n\t\t\t\t<\/div>\n\t\t\t\t\t<\/div>\n\t\t<\/div>\n\t\t\t\t\t<\/div>\n\t\t<\/section>\n\t\t\t\t\t<\/div>\n\t\t<\/div>\n\t\t\t\t\t<\/div>\n\t\t<\/section>\n\t\t\t\t<section class=\"elementor-section elementor-top-section elementor-element elementor-element-7c0c233c elementor-section-full_width elementor-hidden-widescreen elementor-hidden-desktop elementor-hidden-laptop elementor-hidden-tablet elementor-hidden-mobile elementor-section-height-default elementor-section-height-default\" data-id=\"7c0c233c\" data-element_type=\"section\" data-e-type=\"section\" data-settings=\"{&quot;background_background&quot;:&quot;classic&quot;}\">\n\t\t\t\t\t\t<div class=\"elementor-container elementor-column-gap-default\">\n\t\t\t\t\t<div class=\"elementor-column elementor-col-100 elementor-top-column elementor-element elementor-element-31514a71\" data-id=\"31514a71\" data-element_type=\"column\" data-e-type=\"column\" data-settings=\"{&quot;background_background&quot;:&quot;classic&quot;}\">\n\t\t\t<div class=\"elementor-widget-wrap elementor-element-populated\">\n\t\t\t\t\t\t<section class=\"elementor-section elementor-inner-section elementor-element elementor-element-4bd669f0 elementor-section-boxed elementor-section-height-default elementor-section-height-default\" data-id=\"4bd669f0\" data-element_type=\"section\" data-e-type=\"section\" data-settings=\"{&quot;background_background&quot;:&quot;classic&quot;}\">\n\t\t\t\t\t\t<div class=\"elementor-container elementor-column-gap-default\">\n\t\t\t\t\t<div class=\"elementor-column elementor-col-100 elementor-inner-column elementor-element elementor-element-41a06bdf\" data-id=\"41a06bdf\" data-element_type=\"column\" data-e-type=\"column\">\n\t\t\t<div class=\"elementor-widget-wrap elementor-element-populated\">\n\t\t\t\t\t\t<div class=\"elementor-element elementor-element-2f6edd2e elementor-widget elementor-widget-heading\" data-id=\"2f6edd2e\" data-element_type=\"widget\" data-e-type=\"widget\" data-widget_type=\"heading.default\">\n\t\t\t\t<div class=\"elementor-widget-container\">\n\t\t\t\t\t<h2 class=\"elementor-heading-title elementor-size-default\">Sind Sie an einer virtuellen Demonstration in unserem 3D-Oberfl\u00e4chenlabor interessiert?<br>Kein Problem.\n\n<\/h2>\t\t\t\t<\/div>\n\t\t\t\t<\/div>\n\t\t\t\t<div class=\"elementor-element elementor-element-ff9570d elementor-widget elementor-widget-button\" data-id=\"ff9570d\" data-element_type=\"widget\" data-e-type=\"widget\" data-widget_type=\"button.default\">\n\t\t\t\t<div class=\"elementor-widget-container\">\n\t\t\t\t\t\t\t\t\t<div class=\"elementor-button-wrapper\">\n\t\t\t\t\t<a class=\"elementor-button elementor-button-link elementor-size-sm\" href=\"#\">\n\t\t\t\t\t\t<span class=\"elementor-button-content-wrapper\">\n\t\t\t\t\t\t\t\t\t<span class=\"elementor-button-text\">Virtuelle Live-Demo jetzt buchen  <\/span>\n\t\t\t\t\t<\/span>\n\t\t\t\t\t<\/a>\n\t\t\t\t<\/div>\n\t\t\t\t\t\t\t\t<\/div>\n\t\t\t\t<\/div>\n\t\t\t\t\t<\/div>\n\t\t<\/div>\n\t\t\t\t\t<\/div>\n\t\t<\/section>\n\t\t\t\t\t<\/div>\n\t\t<\/div>\n\t\t\t\t\t<\/div>\n\t\t<\/section>\n\t\t\t\t<\/div>\n\t\t","protected":false},"excerpt":{"rendered":"<p>SurfaceLab Der Innovationsschub aus dem Labor Wir investieren bewusst in die Forschung und erschliessen mit Neuentwicklungen neue Gesch\u00e4ftsfelder &#8211; Erfindergeist [&hellip;]<\/p>\n","protected":false},"author":1,"featured_media":0,"parent":0,"menu_order":0,"comment_status":"closed","ping_status":"closed","template":"","meta":{"footnotes":""},"application_solution":[],"industry_product":[],"material_product":[],"class_list":["post-11369","page","type-page","status-publish","hentry"],"yoast_head":"<!-- This site is optimized with the Yoast SEO plugin v27.0 - https:\/\/yoast.com\/product\/yoast-seo-wordpress\/ -->\n<title>SurfaceLab - Pureon<\/title>\n<meta name=\"robots\" content=\"index, follow, max-snippet:-1, max-image-preview:large, max-video-preview:-1\" \/>\n<link rel=\"canonical\" href=\"https:\/\/pureon.com\/surface-lab\/\" \/>\n<meta property=\"og:locale\" content=\"de_DE\" \/>\n<meta property=\"og:type\" content=\"article\" \/>\n<meta property=\"og:title\" content=\"SurfaceLab - Pureon\" \/>\n<meta property=\"og:description\" content=\"SurfaceLab Der Innovationsschub aus dem Labor Wir investieren bewusst in die Forschung und erschliessen mit Neuentwicklungen neue Gesch\u00e4ftsfelder &#8211; Erfindergeist [&hellip;]\" \/>\n<meta property=\"og:url\" content=\"https:\/\/pureon.com\/surface-lab\/\" \/>\n<meta property=\"og:site_name\" content=\"Pureon\" \/>\n<meta property=\"article:modified_time\" content=\"2024-06-04T09:05:05+00:00\" \/>\n<meta name=\"twitter:card\" content=\"summary_large_image\" \/>\n<meta name=\"twitter:label1\" content=\"Gesch\u00e4tzte Lesezeit\" \/>\n\t<meta name=\"twitter:data1\" content=\"1\u00a0Minute\" \/>\n<script type=\"application\/ld+json\" class=\"yoast-schema-graph\">{\"@context\":\"https:\/\/schema.org\",\"@graph\":[{\"@type\":\"WebPage\",\"@id\":\"https:\/\/pureon.com\/surface-lab\/\",\"url\":\"https:\/\/pureon.com\/surface-lab\/\",\"name\":\"SurfaceLab - Pureon\",\"isPartOf\":{\"@id\":\"https:\/\/pureon.com\/#website\"},\"datePublished\":\"2023-09-12T21:56:55+00:00\",\"dateModified\":\"2024-06-04T09:05:05+00:00\",\"breadcrumb\":{\"@id\":\"https:\/\/pureon.com\/surface-lab\/#breadcrumb\"},\"inLanguage\":\"de\",\"potentialAction\":[{\"@type\":\"ReadAction\",\"target\":[\"https:\/\/pureon.com\/surface-lab\/\"]}]},{\"@type\":\"BreadcrumbList\",\"@id\":\"https:\/\/pureon.com\/surface-lab\/#breadcrumb\",\"itemListElement\":[{\"@type\":\"ListItem\",\"position\":1,\"name\":\"Home\",\"item\":\"https:\/\/pureon.com\/de\/\"},{\"@type\":\"ListItem\",\"position\":2,\"name\":\"SurfaceLab\"}]},{\"@type\":\"WebSite\",\"@id\":\"https:\/\/pureon.com\/#website\",\"url\":\"https:\/\/pureon.com\/\",\"name\":\"Pureon\",\"description\":\"\",\"publisher\":{\"@id\":\"https:\/\/pureon.com\/#organization\"},\"potentialAction\":[{\"@type\":\"SearchAction\",\"target\":{\"@type\":\"EntryPoint\",\"urlTemplate\":\"https:\/\/pureon.com\/?s={search_term_string}\"},\"query-input\":{\"@type\":\"PropertyValueSpecification\",\"valueRequired\":true,\"valueName\":\"search_term_string\"}}],\"inLanguage\":\"de\"},{\"@type\":\"Organization\",\"@id\":\"https:\/\/pureon.com\/#organization\",\"name\":\"Pureon\",\"url\":\"https:\/\/pureon.com\/\",\"logo\":{\"@type\":\"ImageObject\",\"inLanguage\":\"de\",\"@id\":\"https:\/\/pureon.com\/#\/schema\/logo\/image\/\",\"url\":\"https:\/\/pureon.com\/wp-content\/uploads\/2023\/06\/cropped-Logo.png\",\"contentUrl\":\"https:\/\/pureon.com\/wp-content\/uploads\/2023\/06\/cropped-Logo.png\",\"width\":512,\"height\":512,\"caption\":\"Pureon\"},\"image\":{\"@id\":\"https:\/\/pureon.com\/#\/schema\/logo\/image\/\"}}]}<\/script>\n<!-- \/ Yoast SEO plugin. -->","yoast_head_json":{"title":"SurfaceLab - Pureon","robots":{"index":"index","follow":"follow","max-snippet":"max-snippet:-1","max-image-preview":"max-image-preview:large","max-video-preview":"max-video-preview:-1"},"canonical":"https:\/\/pureon.com\/surface-lab\/","og_locale":"de_DE","og_type":"article","og_title":"SurfaceLab - Pureon","og_description":"SurfaceLab Der Innovationsschub aus dem Labor Wir investieren bewusst in die Forschung und erschliessen mit Neuentwicklungen neue Gesch\u00e4ftsfelder &#8211; Erfindergeist [&hellip;]","og_url":"https:\/\/pureon.com\/surface-lab\/","og_site_name":"Pureon","article_modified_time":"2024-06-04T09:05:05+00:00","twitter_card":"summary_large_image","twitter_misc":{"Gesch\u00e4tzte Lesezeit":"1\u00a0Minute"},"schema":{"@context":"https:\/\/schema.org","@graph":[{"@type":"WebPage","@id":"https:\/\/pureon.com\/surface-lab\/","url":"https:\/\/pureon.com\/surface-lab\/","name":"SurfaceLab - Pureon","isPartOf":{"@id":"https:\/\/pureon.com\/#website"},"datePublished":"2023-09-12T21:56:55+00:00","dateModified":"2024-06-04T09:05:05+00:00","breadcrumb":{"@id":"https:\/\/pureon.com\/surface-lab\/#breadcrumb"},"inLanguage":"de","potentialAction":[{"@type":"ReadAction","target":["https:\/\/pureon.com\/surface-lab\/"]}]},{"@type":"BreadcrumbList","@id":"https:\/\/pureon.com\/surface-lab\/#breadcrumb","itemListElement":[{"@type":"ListItem","position":1,"name":"Home","item":"https:\/\/pureon.com\/de\/"},{"@type":"ListItem","position":2,"name":"SurfaceLab"}]},{"@type":"WebSite","@id":"https:\/\/pureon.com\/#website","url":"https:\/\/pureon.com\/","name":"Pureon","description":"","publisher":{"@id":"https:\/\/pureon.com\/#organization"},"potentialAction":[{"@type":"SearchAction","target":{"@type":"EntryPoint","urlTemplate":"https:\/\/pureon.com\/?s={search_term_string}"},"query-input":{"@type":"PropertyValueSpecification","valueRequired":true,"valueName":"search_term_string"}}],"inLanguage":"de"},{"@type":"Organization","@id":"https:\/\/pureon.com\/#organization","name":"Pureon","url":"https:\/\/pureon.com\/","logo":{"@type":"ImageObject","inLanguage":"de","@id":"https:\/\/pureon.com\/#\/schema\/logo\/image\/","url":"https:\/\/pureon.com\/wp-content\/uploads\/2023\/06\/cropped-Logo.png","contentUrl":"https:\/\/pureon.com\/wp-content\/uploads\/2023\/06\/cropped-Logo.png","width":512,"height":512,"caption":"Pureon"},"image":{"@id":"https:\/\/pureon.com\/#\/schema\/logo\/image\/"}}]}},"acf":[],"_links":{"self":[{"href":"https:\/\/pureon.com\/de\/wp-json\/wp\/v2\/pages\/11369","targetHints":{"allow":["GET"]}}],"collection":[{"href":"https:\/\/pureon.com\/de\/wp-json\/wp\/v2\/pages"}],"about":[{"href":"https:\/\/pureon.com\/de\/wp-json\/wp\/v2\/types\/page"}],"author":[{"embeddable":true,"href":"https:\/\/pureon.com\/de\/wp-json\/wp\/v2\/users\/1"}],"replies":[{"embeddable":true,"href":"https:\/\/pureon.com\/de\/wp-json\/wp\/v2\/comments?post=11369"}],"version-history":[{"count":12,"href":"https:\/\/pureon.com\/de\/wp-json\/wp\/v2\/pages\/11369\/revisions"}],"predecessor-version":[{"id":17951,"href":"https:\/\/pureon.com\/de\/wp-json\/wp\/v2\/pages\/11369\/revisions\/17951"}],"wp:attachment":[{"href":"https:\/\/pureon.com\/de\/wp-json\/wp\/v2\/media?parent=11369"}],"wp:term":[{"taxonomy":"application_solution","embeddable":true,"href":"https:\/\/pureon.com\/de\/wp-json\/wp\/v2\/application_solution?post=11369"},{"taxonomy":"industry_product","embeddable":true,"href":"https:\/\/pureon.com\/de\/wp-json\/wp\/v2\/industry_product?post=11369"},{"taxonomy":"material_product","embeddable":true,"href":"https:\/\/pureon.com\/de\/wp-json\/wp\/v2\/material_product?post=11369"}],"curies":[{"name":"wp","href":"https:\/\/api.w.org\/{rel}","templated":true}]}}