{"id":11372,"date":"2023-09-02T04:13:56","date_gmt":"2023-09-02T04:13:56","guid":{"rendered":"https:\/\/pureon.com\/terms-and-conditions\/"},"modified":"2025-02-12T08:54:32","modified_gmt":"2025-02-12T08:54:32","slug":"allgemeine-geschaeftsbedingungen","status":"publish","type":"page","link":"https:\/\/pureon.com\/de\/allgemeine-geschaeftsbedingungen\/","title":{"rendered":"Allgemeine Gesch\u00e4ftsbedingungen (AGB)"},"content":{"rendered":"\t\t<div data-elementor-type=\"wp-page\" data-elementor-id=\"11372\" class=\"elementor elementor-11372 elementor-8159\" data-elementor-post-type=\"page\">\n\t\t\t\t\t\t<section class=\"elementor-section elementor-top-section elementor-element elementor-element-4367c36a elementor-section-full_width elementor-section-height-default elementor-section-height-default\" data-id=\"4367c36a\" data-element_type=\"section\" data-e-type=\"section\" data-settings=\"{&quot;background_background&quot;:&quot;classic&quot;}\">\n\t\t\t\t\t\t<div class=\"elementor-container elementor-column-gap-default\">\n\t\t\t\t\t<div class=\"elementor-column elementor-col-100 elementor-top-column elementor-element elementor-element-641e4066\" data-id=\"641e4066\" data-element_type=\"column\" data-e-type=\"column\">\n\t\t\t<div class=\"elementor-widget-wrap elementor-element-populated\">\n\t\t\t\t\t\t<section class=\"elementor-section elementor-inner-section elementor-element elementor-element-4c30e91c elementor-section-boxed elementor-section-height-default elementor-section-height-default\" data-id=\"4c30e91c\" data-element_type=\"section\" data-e-type=\"section\">\n\t\t\t\t\t\t<div class=\"elementor-container elementor-column-gap-default\">\n\t\t\t\t\t<div class=\"elementor-column elementor-col-100 elementor-inner-column elementor-element elementor-element-101f17ae\" data-id=\"101f17ae\" data-element_type=\"column\" data-e-type=\"column\">\n\t\t\t<div class=\"elementor-widget-wrap elementor-element-populated\">\n\t\t\t\t\t\t<div class=\"elementor-element elementor-element-1e91c1eb elementor-widget elementor-widget-heading\" data-id=\"1e91c1eb\" data-element_type=\"widget\" data-e-type=\"widget\" data-widget_type=\"heading.default\">\n\t\t\t\t<div class=\"elementor-widget-container\">\n\t\t\t\t\t<h2 class=\"elementor-heading-title elementor-size-default\">Allgemeine Gesch\u00e4ftsbedingungen (AGB)<\/h2>\t\t\t\t<\/div>\n\t\t\t\t<\/div>\n\t\t\t\t\t<\/div>\n\t\t<\/div>\n\t\t\t\t\t<\/div>\n\t\t<\/section>\n\t\t\t\t<section class=\"elementor-section elementor-inner-section elementor-element elementor-element-bdee24e elementor-section-boxed elementor-section-height-default elementor-section-height-default\" data-id=\"bdee24e\" data-element_type=\"section\" data-e-type=\"section\">\n\t\t\t\t\t\t<div class=\"elementor-container elementor-column-gap-default\">\n\t\t\t\t\t<div class=\"elementor-column elementor-col-100 elementor-inner-column elementor-element elementor-element-643c6f6\" data-id=\"643c6f6\" data-element_type=\"column\" data-e-type=\"column\">\n\t\t\t<div class=\"elementor-widget-wrap elementor-element-populated\">\n\t\t\t\t\t\t<div class=\"elementor-element elementor-element-0b1411a elementor-widget elementor-widget-heading\" data-id=\"0b1411a\" data-element_type=\"widget\" data-e-type=\"widget\" data-widget_type=\"heading.default\">\n\t\t\t\t<div class=\"elementor-widget-container\">\n\t\t\t\t\t<h2 class=\"elementor-heading-title elementor-size-default\">Verkauf:<\/h2>\t\t\t\t<\/div>\n\t\t\t\t<\/div>\n\t\t\t\t\t<\/div>\n\t\t<\/div>\n\t\t\t\t\t<\/div>\n\t\t<\/section>\n\t\t\t\t<section class=\"elementor-section elementor-inner-section elementor-element elementor-element-175d1151 elementor-section-boxed elementor-section-height-default elementor-section-height-default\" data-id=\"175d1151\" data-element_type=\"section\" data-e-type=\"section\" data-settings=\"{&quot;background_background&quot;:&quot;classic&quot;}\">\n\t\t\t\t\t\t<div class=\"elementor-container elementor-column-gap-default\">\n\t\t\t\t\t<div class=\"elementor-column elementor-col-100 elementor-inner-column elementor-element elementor-element-6a3cc593\" data-id=\"6a3cc593\" data-element_type=\"column\" data-e-type=\"column\">\n\t\t\t<div class=\"elementor-widget-wrap elementor-element-populated\">\n\t\t\t\t\t\t<div class=\"elementor-element elementor-element-4411f37d elementor-widget elementor-widget-text-editor\" data-id=\"4411f37d\" data-element_type=\"widget\" data-e-type=\"widget\" data-widget_type=\"text-editor.default\">\n\t\t\t\t<div class=\"elementor-widget-container\">\n\t\t\t\t\t\t\t\t\tDie nachfolgenden Bedingungen gelten f\u00fcr alle Lieferungen und Leistungen von Pureon.\t\t\t\t\t\t\t\t<\/div>\n\t\t\t\t<\/div>\n\t\t\t\t<div class=\"elementor-element elementor-element-896307a elementor-widget-divider--view-line elementor-widget elementor-widget-divider\" data-id=\"896307a\" data-element_type=\"widget\" data-e-type=\"widget\" data-widget_type=\"divider.default\">\n\t\t\t\t<div class=\"elementor-widget-container\">\n\t\t\t\t\t\t\t<div class=\"elementor-divider\">\n\t\t\t<span class=\"elementor-divider-separator\">\n\t\t\t\t\t\t<\/span>\n\t\t<\/div>\n\t\t\t\t\t\t<\/div>\n\t\t\t\t<\/div>\n\t\t\t\t\t<\/div>\n\t\t<\/div>\n\t\t\t\t\t<\/div>\n\t\t<\/section>\n\t\t\t\t<section class=\"elementor-section elementor-inner-section elementor-element elementor-element-a516307 elementor-section-boxed elementor-section-height-default elementor-section-height-default\" data-id=\"a516307\" data-element_type=\"section\" data-e-type=\"section\" data-settings=\"{&quot;background_background&quot;:&quot;classic&quot;}\">\n\t\t\t\t\t\t<div class=\"elementor-container elementor-column-gap-default\">\n\t\t\t\t\t<div class=\"elementor-column elementor-col-100 elementor-inner-column elementor-element elementor-element-347f2c2\" data-id=\"347f2c2\" data-element_type=\"column\" data-e-type=\"column\">\n\t\t\t<div class=\"elementor-widget-wrap elementor-element-populated\">\n\t\t\t\t\t\t<div class=\"elementor-element elementor-element-562bc58 elementor-widget elementor-widget-text-editor\" data-id=\"562bc58\" data-element_type=\"widget\" data-e-type=\"widget\" data-widget_type=\"text-editor.default\">\n\t\t\t\t<div class=\"elementor-widget-container\">\n\t\t\t\t\t\t\t\t\t<p><a href=\"https:\/\/pureon.com\/wp-content\/uploads\/2025\/02\/Pureon-Group-Terms-and-Conditions-Sales-English.pdf\" target=\"_blank\" rel=\"noopener\">Pureon Group Terms and Conditions Sales English<\/a><\/p><p><a href=\"https:\/\/pureon.com\/wp-content\/uploads\/2025\/02\/Pureon-Group-Terms-and-Conditions-Sales-Deutsch.pdf\" target=\"_blank\" rel=\"noopener\">Pureon Group Terms and Conditions Sales Deutsch<\/a><\/p><p><a href=\"https:\/\/pureon.com\/wp-content\/uploads\/2025\/02\/Pureon-Group-Terms-and-Conditions-Sales-Francais.pdf\" target=\"_blank\" rel=\"noopener\">Pureon Group Terms and Conditions Sales Francais<\/a><\/p>\t\t\t\t\t\t\t\t<\/div>\n\t\t\t\t<\/div>\n\t\t\t\t\t<\/div>\n\t\t<\/div>\n\t\t\t\t\t<\/div>\n\t\t<\/section>\n\t\t\t\t<section class=\"elementor-section elementor-inner-section elementor-element elementor-element-087425a elementor-section-boxed elementor-section-height-default elementor-section-height-default\" data-id=\"087425a\" data-element_type=\"section\" data-e-type=\"section\" data-settings=\"{&quot;background_background&quot;:&quot;classic&quot;}\">\n\t\t\t\t\t\t<div class=\"elementor-container elementor-column-gap-default\">\n\t\t\t\t\t<div class=\"elementor-column elementor-col-100 elementor-inner-column elementor-element elementor-element-79d7a5c\" data-id=\"79d7a5c\" data-element_type=\"column\" data-e-type=\"column\">\n\t\t\t<div class=\"elementor-widget-wrap elementor-element-populated\">\n\t\t\t\t\t\t<div class=\"elementor-element elementor-element-76285a0 elementor-widget elementor-widget-text-editor\" data-id=\"76285a0\" data-element_type=\"widget\" data-e-type=\"widget\" data-widget_type=\"text-editor.default\">\n\t\t\t\t<div class=\"elementor-widget-container\">\n\t\t\t\t\t\t\t\t\t<p><a href=\"https:\/\/pureon.com\/wp-content\/uploads\/2025\/02\/Pureon-Suzhou-Terms-and-Conditions-Sales-China-CN-EN.pdf\" target=\"_blank\" rel=\"noopener\">Pureon Suzhou Terms and Conditions Sales China Chinese\/English<\/a><\/p><p><a href=\"https:\/\/pureon.com\/wp-content\/uploads\/2025\/02\/Pureon-Suzhou-Terms-and-Conditions-Sales-China-CN.pdf\" target=\"_blank\" rel=\"noopener\">Pureon Suzhou Terms and Conditions Sales China Chinese<\/a><\/p>\t\t\t\t\t\t\t\t<\/div>\n\t\t\t\t<\/div>\n\t\t\t\t\t<\/div>\n\t\t<\/div>\n\t\t\t\t\t<\/div>\n\t\t<\/section>\n\t\t\t\t<section class=\"elementor-section elementor-inner-section elementor-element elementor-element-382056a elementor-section-boxed elementor-section-height-default elementor-section-height-default\" data-id=\"382056a\" data-element_type=\"section\" data-e-type=\"section\" data-settings=\"{&quot;background_background&quot;:&quot;classic&quot;}\">\n\t\t\t\t\t\t<div class=\"elementor-container elementor-column-gap-default\">\n\t\t\t\t\t<div class=\"elementor-column elementor-col-100 elementor-inner-column elementor-element elementor-element-2f52cf7\" data-id=\"2f52cf7\" data-element_type=\"column\" data-e-type=\"column\">\n\t\t\t<div class=\"elementor-widget-wrap elementor-element-populated\">\n\t\t\t\t\t\t<div class=\"elementor-element elementor-element-57d5c88 elementor-widget elementor-widget-text-editor\" data-id=\"57d5c88\" data-element_type=\"widget\" data-e-type=\"widget\" data-widget_type=\"text-editor.default\">\n\t\t\t\t<div class=\"elementor-widget-container\">\n\t\t\t\t\t\t\t\t\t<p><a href=\"https:\/\/pureon.com\/wp-content\/uploads\/2025\/02\/Country-specific-Annexes-to-Selling-Terms-CH.pdf\" target=\"_blank\" rel=\"noopener\">Country-specific Annexes to Selling Terms CH<\/a><\/p><p><a href=\"https:\/\/pureon.com\/wp-content\/uploads\/2025\/02\/Country-specific-Annexes-to-Selling-Terms-USA.pdf\" target=\"_blank\" rel=\"noopener\">Country-specific Annexes to Selling Terms USA<\/a><\/p><p><a href=\"https:\/\/pureon.com\/wp-content\/uploads\/2025\/02\/Country-specific-Annexes-to-Selling-Terms-DE.pdf\" target=\"_blank\" rel=\"noopener\">Country-specific Annexes to Selling Terms DE<\/a><\/p>\t\t\t\t\t\t\t\t<\/div>\n\t\t\t\t<\/div>\n\t\t\t\t\t<\/div>\n\t\t<\/div>\n\t\t\t\t\t<\/div>\n\t\t<\/section>\n\t\t\t\t<section class=\"elementor-section elementor-inner-section elementor-element elementor-element-11a864f elementor-section-boxed elementor-section-height-default elementor-section-height-default\" data-id=\"11a864f\" data-element_type=\"section\" data-e-type=\"section\" data-settings=\"{&quot;background_background&quot;:&quot;classic&quot;}\">\n\t\t\t\t\t\t<div class=\"elementor-container elementor-column-gap-default\">\n\t\t\t\t\t<div class=\"elementor-column elementor-col-100 elementor-inner-column elementor-element elementor-element-00825f3\" data-id=\"00825f3\" data-element_type=\"column\" data-e-type=\"column\">\n\t\t\t<div class=\"elementor-widget-wrap elementor-element-populated\">\n\t\t\t\t\t\t\t<\/div>\n\t\t<\/div>\n\t\t\t\t\t<\/div>\n\t\t<\/section>\n\t\t\t\t<section class=\"elementor-section elementor-inner-section elementor-element elementor-element-22d5b39c elementor-section-boxed elementor-section-height-default elementor-section-height-default\" data-id=\"22d5b39c\" data-element_type=\"section\" data-e-type=\"section\">\n\t\t\t\t\t\t<div class=\"elementor-container elementor-column-gap-default\">\n\t\t\t\t\t<div class=\"elementor-column elementor-col-100 elementor-inner-column elementor-element elementor-element-1d87a6a6\" data-id=\"1d87a6a6\" data-element_type=\"column\" data-e-type=\"column\">\n\t\t\t<div class=\"elementor-widget-wrap elementor-element-populated\">\n\t\t\t\t\t\t<div class=\"elementor-element elementor-element-1aa0bab0 elementor-widget elementor-widget-heading\" data-id=\"1aa0bab0\" data-element_type=\"widget\" data-e-type=\"widget\" data-widget_type=\"heading.default\">\n\t\t\t\t<div class=\"elementor-widget-container\">\n\t\t\t\t\t<h2 class=\"elementor-heading-title elementor-size-default\">Einkauf:<\/h2>\t\t\t\t<\/div>\n\t\t\t\t<\/div>\n\t\t\t\t\t<\/div>\n\t\t<\/div>\n\t\t\t\t\t<\/div>\n\t\t<\/section>\n\t\t\t\t<section class=\"elementor-section elementor-inner-section elementor-element elementor-element-1bc4bea elementor-section-boxed elementor-section-height-default elementor-section-height-default\" data-id=\"1bc4bea\" data-element_type=\"section\" data-e-type=\"section\" data-settings=\"{&quot;background_background&quot;:&quot;classic&quot;}\">\n\t\t\t\t\t\t<div class=\"elementor-container elementor-column-gap-default\">\n\t\t\t\t\t<div class=\"elementor-column elementor-col-100 elementor-inner-column elementor-element elementor-element-0dcae8e\" data-id=\"0dcae8e\" data-element_type=\"column\" data-e-type=\"column\">\n\t\t\t<div class=\"elementor-widget-wrap elementor-element-populated\">\n\t\t\t\t\t\t<div class=\"elementor-element elementor-element-92cd390 elementor-widget elementor-widget-text-editor\" data-id=\"92cd390\" data-element_type=\"widget\" data-e-type=\"widget\" data-widget_type=\"text-editor.default\">\n\t\t\t\t<div class=\"elementor-widget-container\">\n\t\t\t\t\t\t\t\t\tDie nachfolgenden Bedingungen gelten f\u00fcr alle von Pureon bezogenen Lieferungen und Leistungen.\t\t\t\t\t\t\t\t<\/div>\n\t\t\t\t<\/div>\n\t\t\t\t<div class=\"elementor-element elementor-element-78c7f3c elementor-widget-divider--view-line elementor-widget elementor-widget-divider\" data-id=\"78c7f3c\" data-element_type=\"widget\" data-e-type=\"widget\" data-widget_type=\"divider.default\">\n\t\t\t\t<div class=\"elementor-widget-container\">\n\t\t\t\t\t\t\t<div class=\"elementor-divider\">\n\t\t\t<span class=\"elementor-divider-separator\">\n\t\t\t\t\t\t<\/span>\n\t\t<\/div>\n\t\t\t\t\t\t<\/div>\n\t\t\t\t<\/div>\n\t\t\t\t\t<\/div>\n\t\t<\/div>\n\t\t\t\t\t<\/div>\n\t\t<\/section>\n\t\t\t\t<section class=\"elementor-section elementor-inner-section elementor-element elementor-element-366ead7 elementor-section-boxed elementor-section-height-default elementor-section-height-default\" data-id=\"366ead7\" data-element_type=\"section\" data-e-type=\"section\" data-settings=\"{&quot;background_background&quot;:&quot;classic&quot;}\">\n\t\t\t\t\t\t<div class=\"elementor-container elementor-column-gap-default\">\n\t\t\t\t\t<div class=\"elementor-column elementor-col-100 elementor-inner-column elementor-element elementor-element-64577e1\" data-id=\"64577e1\" data-element_type=\"column\" data-e-type=\"column\">\n\t\t\t<div class=\"elementor-widget-wrap elementor-element-populated\">\n\t\t\t\t\t\t<div class=\"elementor-element elementor-element-2923acf elementor-widget elementor-widget-text-editor\" data-id=\"2923acf\" data-element_type=\"widget\" data-e-type=\"widget\" data-widget_type=\"text-editor.default\">\n\t\t\t\t<div class=\"elementor-widget-container\">\n\t\t\t\t\t\t\t\t\t<a class=\"terms_link\" href=\"https:\/\/pureon.com\/wp-content\/uploads\/2024\/04\/Purchasing_Terms_-and_Conditions_English.pdf\" target=\"_blank\" rel=\"noopener\">Purchasing Terms and Conditions &#8211; English<\/a>\t\t\t\t\t\t\t\t<\/div>\n\t\t\t\t<\/div>\n\t\t\t\t\t<\/div>\n\t\t<\/div>\n\t\t\t\t\t<\/div>\n\t\t<\/section>\n\t\t\t\t<section class=\"elementor-section elementor-inner-section elementor-element elementor-element-cac4ef9 elementor-section-boxed elementor-section-height-default elementor-section-height-default\" data-id=\"cac4ef9\" data-element_type=\"section\" data-e-type=\"section\" data-settings=\"{&quot;background_background&quot;:&quot;classic&quot;}\">\n\t\t\t\t\t\t<div class=\"elementor-container elementor-column-gap-default\">\n\t\t\t\t\t<div class=\"elementor-column elementor-col-100 elementor-inner-column elementor-element elementor-element-96ab775\" data-id=\"96ab775\" data-element_type=\"column\" data-e-type=\"column\">\n\t\t\t<div class=\"elementor-widget-wrap elementor-element-populated\">\n\t\t\t\t\t\t<div class=\"elementor-element elementor-element-e2b97d7 elementor-widget elementor-widget-text-editor\" data-id=\"e2b97d7\" data-element_type=\"widget\" data-e-type=\"widget\" data-widget_type=\"text-editor.default\">\n\t\t\t\t<div class=\"elementor-widget-container\">\n\t\t\t\t\t\t\t\t\t<a class=\"terms_link\" href=\"https:\/\/pureon.com\/wp-content\/uploads\/2024\/04\/Einkauf_AGB_Deutsch.pdf\" target=\"_blank\" rel=\"noopener\">Allgemeine Einkaufsbedingungen &#8211; Deutsch<\/a>\t\t\t\t\t\t\t\t<\/div>\n\t\t\t\t<\/div>\n\t\t\t\t\t<\/div>\n\t\t<\/div>\n\t\t\t\t\t<\/div>\n\t\t<\/section>\n\t\t\t\t<section class=\"elementor-section elementor-inner-section elementor-element elementor-element-7e35422 elementor-section-boxed elementor-section-height-default elementor-section-height-default\" data-id=\"7e35422\" data-element_type=\"section\" data-e-type=\"section\" data-settings=\"{&quot;background_background&quot;:&quot;classic&quot;}\">\n\t\t\t\t\t\t<div class=\"elementor-container elementor-column-gap-default\">\n\t\t\t\t\t<div class=\"elementor-column elementor-col-100 elementor-inner-column elementor-element elementor-element-c3247aa\" data-id=\"c3247aa\" data-element_type=\"column\" data-e-type=\"column\">\n\t\t\t<div class=\"elementor-widget-wrap elementor-element-populated\">\n\t\t\t\t\t\t<div class=\"elementor-element elementor-element-3ad0c50 elementor-widget elementor-widget-text-editor\" data-id=\"3ad0c50\" data-element_type=\"widget\" data-e-type=\"widget\" data-widget_type=\"text-editor.default\">\n\t\t\t\t<div class=\"elementor-widget-container\">\n\t\t\t\t\t\t\t\t\t<a class=\"terms_link\" href=\"https:\/\/pureon.com\/wp-content\/uploads\/2024\/04\/Country_Specific_Annexes_to_Purchasing_Terms.pdf\" target=\"_blank\" rel=\"noopener\">Country-specific Annexes to Purchasing Terms &#8211; English<\/a>\t\t\t\t\t\t\t\t<\/div>\n\t\t\t\t<\/div>\n\t\t\t\t\t<\/div>\n\t\t<\/div>\n\t\t\t\t\t<\/div>\n\t\t<\/section>\n\t\t\t\t<section class=\"elementor-section elementor-inner-section elementor-element elementor-element-06d7282 elementor-section-boxed elementor-section-height-default elementor-section-height-default\" data-id=\"06d7282\" data-element_type=\"section\" data-e-type=\"section\" data-settings=\"{&quot;background_background&quot;:&quot;classic&quot;}\">\n\t\t\t\t\t\t<div class=\"elementor-container elementor-column-gap-default\">\n\t\t\t\t\t<div class=\"elementor-column elementor-col-100 elementor-inner-column elementor-element elementor-element-b8c3e73\" data-id=\"b8c3e73\" data-element_type=\"column\" data-e-type=\"column\">\n\t\t\t<div class=\"elementor-widget-wrap elementor-element-populated\">\n\t\t\t\t\t\t<div class=\"elementor-element elementor-element-5550afd elementor-widget elementor-widget-text-editor\" data-id=\"5550afd\" data-element_type=\"widget\" data-e-type=\"widget\" data-widget_type=\"text-editor.default\">\n\t\t\t\t<div class=\"elementor-widget-container\">\n\t\t\t\t\t\t\t\t\t<a class=\"terms_link\" href=\"https:\/\/pureon.com\/wp-content\/uploads\/2024\/04\/Supplier_Code_of_Conduct.pdf\" target=\"_blank\" rel=\"noopener\">Supplier Code of Conduct &#8211; English<\/a>\t\t\t\t\t\t\t\t<\/div>\n\t\t\t\t<\/div>\n\t\t\t\t\t<\/div>\n\t\t<\/div>\n\t\t\t\t\t<\/div>\n\t\t<\/section>\n\t\t\t\t\t<\/div>\n\t\t<\/div>\n\t\t\t\t\t<\/div>\n\t\t<\/section>\n\t\t\t\t<\/div>\n\t\t","protected":false},"excerpt":{"rendered":"<p>Allgemeine Gesch\u00e4ftsbedingungen (AGB) Verkauf: Die nachfolgenden Bedingungen gelten f\u00fcr alle Lieferungen und Leistungen von Pureon. Pureon Group Terms and Conditions [&hellip;]<\/p>\n","protected":false},"author":1,"featured_media":0,"parent":0,"menu_order":0,"comment_status":"closed","ping_status":"closed","template":"","meta":{"footnotes":""},"application_solution":[],"industry_product":[],"material_product":[],"class_list":["post-11372","page","type-page","status-publish","hentry"],"yoast_head":"<!-- This site is optimized with the Yoast SEO plugin v27.0 - https:\/\/yoast.com\/product\/yoast-seo-wordpress\/ -->\n<title>Allgemeine Gesch\u00e4ftsbedingungen (AGB) - Pureon<\/title>\n<meta name=\"robots\" content=\"index, follow, max-snippet:-1, max-image-preview:large, max-video-preview:-1\" \/>\n<link rel=\"canonical\" href=\"https:\/\/pureon.com\/de\/allgemeine-geschaeftsbedingungen\/\" \/>\n<meta property=\"og:locale\" content=\"de_DE\" \/>\n<meta property=\"og:type\" content=\"article\" \/>\n<meta property=\"og:title\" content=\"Allgemeine Gesch\u00e4ftsbedingungen (AGB) - Pureon\" \/>\n<meta property=\"og:description\" content=\"Allgemeine Gesch\u00e4ftsbedingungen (AGB) Verkauf: Die nachfolgenden Bedingungen gelten f\u00fcr alle Lieferungen und Leistungen von Pureon. Pureon Group Terms and Conditions [&hellip;]\" \/>\n<meta property=\"og:url\" content=\"https:\/\/pureon.com\/de\/allgemeine-geschaeftsbedingungen\/\" \/>\n<meta property=\"og:site_name\" content=\"Pureon\" \/>\n<meta property=\"article:modified_time\" content=\"2025-02-12T08:54:32+00:00\" \/>\n<meta name=\"twitter:card\" content=\"summary_large_image\" \/>\n<meta name=\"twitter:label1\" content=\"Gesch\u00e4tzte Lesezeit\" \/>\n\t<meta name=\"twitter:data1\" content=\"1\u00a0Minute\" \/>\n<script type=\"application\/ld+json\" class=\"yoast-schema-graph\">{\"@context\":\"https:\/\/schema.org\",\"@graph\":[{\"@type\":\"WebPage\",\"@id\":\"https:\/\/pureon.com\/de\/allgemeine-geschaeftsbedingungen\/\",\"url\":\"https:\/\/pureon.com\/de\/allgemeine-geschaeftsbedingungen\/\",\"name\":\"Allgemeine Gesch\u00e4ftsbedingungen (AGB) - Pureon\",\"isPartOf\":{\"@id\":\"https:\/\/pureon.com\/#website\"},\"datePublished\":\"2023-09-02T04:13:56+00:00\",\"dateModified\":\"2025-02-12T08:54:32+00:00\",\"breadcrumb\":{\"@id\":\"https:\/\/pureon.com\/de\/allgemeine-geschaeftsbedingungen\/#breadcrumb\"},\"inLanguage\":\"de\",\"potentialAction\":[{\"@type\":\"ReadAction\",\"target\":[\"https:\/\/pureon.com\/de\/allgemeine-geschaeftsbedingungen\/\"]}]},{\"@type\":\"BreadcrumbList\",\"@id\":\"https:\/\/pureon.com\/de\/allgemeine-geschaeftsbedingungen\/#breadcrumb\",\"itemListElement\":[{\"@type\":\"ListItem\",\"position\":1,\"name\":\"Home\",\"item\":\"https:\/\/pureon.com\/de\/\"},{\"@type\":\"ListItem\",\"position\":2,\"name\":\"Allgemeine Gesch\u00e4ftsbedingungen (AGB)\"}]},{\"@type\":\"WebSite\",\"@id\":\"https:\/\/pureon.com\/#website\",\"url\":\"https:\/\/pureon.com\/\",\"name\":\"Pureon\",\"description\":\"\",\"publisher\":{\"@id\":\"https:\/\/pureon.com\/#organization\"},\"potentialAction\":[{\"@type\":\"SearchAction\",\"target\":{\"@type\":\"EntryPoint\",\"urlTemplate\":\"https:\/\/pureon.com\/?s={search_term_string}\"},\"query-input\":{\"@type\":\"PropertyValueSpecification\",\"valueRequired\":true,\"valueName\":\"search_term_string\"}}],\"inLanguage\":\"de\"},{\"@type\":\"Organization\",\"@id\":\"https:\/\/pureon.com\/#organization\",\"name\":\"Pureon\",\"url\":\"https:\/\/pureon.com\/\",\"logo\":{\"@type\":\"ImageObject\",\"inLanguage\":\"de\",\"@id\":\"https:\/\/pureon.com\/#\/schema\/logo\/image\/\",\"url\":\"https:\/\/pureon.com\/wp-content\/uploads\/2023\/06\/cropped-Logo.png\",\"contentUrl\":\"https:\/\/pureon.com\/wp-content\/uploads\/2023\/06\/cropped-Logo.png\",\"width\":512,\"height\":512,\"caption\":\"Pureon\"},\"image\":{\"@id\":\"https:\/\/pureon.com\/#\/schema\/logo\/image\/\"}}]}<\/script>\n<!-- \/ Yoast SEO plugin. -->","yoast_head_json":{"title":"Allgemeine Gesch\u00e4ftsbedingungen (AGB) - Pureon","robots":{"index":"index","follow":"follow","max-snippet":"max-snippet:-1","max-image-preview":"max-image-preview:large","max-video-preview":"max-video-preview:-1"},"canonical":"https:\/\/pureon.com\/de\/allgemeine-geschaeftsbedingungen\/","og_locale":"de_DE","og_type":"article","og_title":"Allgemeine Gesch\u00e4ftsbedingungen (AGB) - Pureon","og_description":"Allgemeine Gesch\u00e4ftsbedingungen (AGB) Verkauf: Die nachfolgenden Bedingungen gelten f\u00fcr alle Lieferungen und Leistungen von Pureon. Pureon Group Terms and Conditions [&hellip;]","og_url":"https:\/\/pureon.com\/de\/allgemeine-geschaeftsbedingungen\/","og_site_name":"Pureon","article_modified_time":"2025-02-12T08:54:32+00:00","twitter_card":"summary_large_image","twitter_misc":{"Gesch\u00e4tzte Lesezeit":"1\u00a0Minute"},"schema":{"@context":"https:\/\/schema.org","@graph":[{"@type":"WebPage","@id":"https:\/\/pureon.com\/de\/allgemeine-geschaeftsbedingungen\/","url":"https:\/\/pureon.com\/de\/allgemeine-geschaeftsbedingungen\/","name":"Allgemeine Gesch\u00e4ftsbedingungen (AGB) - Pureon","isPartOf":{"@id":"https:\/\/pureon.com\/#website"},"datePublished":"2023-09-02T04:13:56+00:00","dateModified":"2025-02-12T08:54:32+00:00","breadcrumb":{"@id":"https:\/\/pureon.com\/de\/allgemeine-geschaeftsbedingungen\/#breadcrumb"},"inLanguage":"de","potentialAction":[{"@type":"ReadAction","target":["https:\/\/pureon.com\/de\/allgemeine-geschaeftsbedingungen\/"]}]},{"@type":"BreadcrumbList","@id":"https:\/\/pureon.com\/de\/allgemeine-geschaeftsbedingungen\/#breadcrumb","itemListElement":[{"@type":"ListItem","position":1,"name":"Home","item":"https:\/\/pureon.com\/de\/"},{"@type":"ListItem","position":2,"name":"Allgemeine Gesch\u00e4ftsbedingungen (AGB)"}]},{"@type":"WebSite","@id":"https:\/\/pureon.com\/#website","url":"https:\/\/pureon.com\/","name":"Pureon","description":"","publisher":{"@id":"https:\/\/pureon.com\/#organization"},"potentialAction":[{"@type":"SearchAction","target":{"@type":"EntryPoint","urlTemplate":"https:\/\/pureon.com\/?s={search_term_string}"},"query-input":{"@type":"PropertyValueSpecification","valueRequired":true,"valueName":"search_term_string"}}],"inLanguage":"de"},{"@type":"Organization","@id":"https:\/\/pureon.com\/#organization","name":"Pureon","url":"https:\/\/pureon.com\/","logo":{"@type":"ImageObject","inLanguage":"de","@id":"https:\/\/pureon.com\/#\/schema\/logo\/image\/","url":"https:\/\/pureon.com\/wp-content\/uploads\/2023\/06\/cropped-Logo.png","contentUrl":"https:\/\/pureon.com\/wp-content\/uploads\/2023\/06\/cropped-Logo.png","width":512,"height":512,"caption":"Pureon"},"image":{"@id":"https:\/\/pureon.com\/#\/schema\/logo\/image\/"}}]}},"acf":[],"_links":{"self":[{"href":"https:\/\/pureon.com\/de\/wp-json\/wp\/v2\/pages\/11372","targetHints":{"allow":["GET"]}}],"collection":[{"href":"https:\/\/pureon.com\/de\/wp-json\/wp\/v2\/pages"}],"about":[{"href":"https:\/\/pureon.com\/de\/wp-json\/wp\/v2\/types\/page"}],"author":[{"embeddable":true,"href":"https:\/\/pureon.com\/de\/wp-json\/wp\/v2\/users\/1"}],"replies":[{"embeddable":true,"href":"https:\/\/pureon.com\/de\/wp-json\/wp\/v2\/comments?post=11372"}],"version-history":[{"count":45,"href":"https:\/\/pureon.com\/de\/wp-json\/wp\/v2\/pages\/11372\/revisions"}],"predecessor-version":[{"id":20687,"href":"https:\/\/pureon.com\/de\/wp-json\/wp\/v2\/pages\/11372\/revisions\/20687"}],"wp:attachment":[{"href":"https:\/\/pureon.com\/de\/wp-json\/wp\/v2\/media?parent=11372"}],"wp:term":[{"taxonomy":"application_solution","embeddable":true,"href":"https:\/\/pureon.com\/de\/wp-json\/wp\/v2\/application_solution?post=11372"},{"taxonomy":"industry_product","embeddable":true,"href":"https:\/\/pureon.com\/de\/wp-json\/wp\/v2\/industry_product?post=11372"},{"taxonomy":"material_product","embeddable":true,"href":"https:\/\/pureon.com\/de\/wp-json\/wp\/v2\/material_product?post=11372"}],"curies":[{"name":"wp","href":"https:\/\/api.w.org\/{rel}","templated":true}]}}